{"id":11836,"date":"2026-04-06T10:37:55","date_gmt":"2026-04-06T07:37:55","guid":{"rendered":"https:\/\/www.alevcamcioglu.com\/?page_id=11836"},"modified":"2026-05-06T18:33:39","modified_gmt":"2026-05-06T15:33:39","slug":"onh-lakare-vid-nisantasi-sjukhusen","status":"publish","type":"page","link":"https:\/\/www.alevcamcioglu.com\/sv\/om-mig\/onh-lakare-vid-nisantasi-sjukhusen\/","title":{"rendered":"\u00d6NH-l\u00e4kare vid Ni\u015fanta\u015f\u0131-sjukhusen"},"content":{"rendered":"<p>Perioden d\u00e5 jag arbetade som \u00f6ron-, n\u00e4s- och halsl\u00e4kare (\u00d6NH) p\u00e5 Ni\u015fanta\u015f\u0131 Sjukhus och \u0130stanbul Hospital var en mycket v\u00e4rdefull tid d\u00e5 jag f\u00f6rdjupade min yrkeserfarenhet och tog min kliniska praktik till en avancerad niv\u00e5. Erfarenheterna jag fick p\u00e5 dessa tv\u00e5 olika v\u00e5rdinstitutioner gav mig ett brett perspektiv b\u00e5de vad g\u00e4ller patientvariation och de olika typer av fall jag m\u00f6tte.<\/p>\n<p>Under denna period deltog jag aktivt inom m\u00e5nga olika delar av \u00d6NH-omr\u00e5det, fr\u00e5n mottagningsverksamhet till kirurgiska ingrepp. I min dagliga praktik hanterade jag inte bara vanliga besv\u00e4r s\u00e5som n\u00e4st\u00e4ppa, kronisk bih\u00e5leinflammation, allergisk rinit, \u00f6ronsjukdomar, h\u00f6rselneds\u00e4ttning, yrsel och halsinfektioner, utan \u00e4ven diagnostik och behandling av mer komplexa fall. Genom att bed\u00f6ma varje patient individuellt lade jag stor vikt vid att noggrant analysera de bakomliggande orsakerna till besv\u00e4ren och skapa den mest l\u00e4mpliga behandlingsplanen.<\/p>\n<p>Inom det kirurgiska omr\u00e5det fokuserade jag s\u00e4rskilt p\u00e5 n\u00e4s- och bih\u00e5lekirurgi. Jag deltog aktivt i estetiska n\u00e4soperationer samt funktionella n\u00e4soperationer s\u00e5som septoplastik och septorhinoplastik. Under denna period fick jag \u00e4nnu tydligare f\u00f6rst\u00e5else f\u00f6r hur viktigt det \u00e4r att skapa balans mellan estetiska f\u00f6rv\u00e4ntningar och funktionella behov. Genom att arbeta noggrant i varje steg \u2013 fr\u00e5n preoperativ planering och till\u00e4mpning av kirurgiska tekniker till postoperativ uppf\u00f6ljning \u2013 str\u00e4vade jag efter att uppn\u00e5 b\u00e5de naturliga och h\u00e4lsosamma resultat.<\/p>\n<p>Under min tid p\u00e5 Ni\u015fanta\u015f\u0131 Sjukhus och \u0130stanbul Hospital drog jag ocks\u00e5 effektiv nytta av de m\u00f6jligheter som modern medicinsk teknologi erbjuder. Tack vare endoskopiska unders\u00f6kningsmetoder och aktuella kirurgiska tekniker fick jag m\u00f6jlighet att uppn\u00e5 mer precisa, s\u00e4kra och framg\u00e5ngsrika resultat. Detta \u00f6kade b\u00e5de patientn\u00f6jdheten och gjorde \u00e5terh\u00e4mtningsprocesserna mer bekv\u00e4ma.<\/p>\n<p>Samtidigt var denna period en tid d\u00e5 jag fick en \u00e4nnu djupare f\u00f6rst\u00e5else f\u00f6r hur avg\u00f6rande kommunikationen mellan l\u00e4kare och patient \u00e4r. Jag prioriterade inte bara att behandla mina patienter utan \u00e4ven att informera dem om processen och finnas vid deras sida under alla steg. Genom dessa erfarenheter st\u00e4rktes min \u00f6vertygelse om att en f\u00f6rtroendebaserad kommunikation direkt p\u00e5verkar behandlingens framg\u00e5ng.<\/p>\n<p>Erfarenheterna jag fick p\u00e5 dessa tv\u00e5 institutioner utg\u00f6r idag en viktig grund f\u00f6r det patientfokuserade arbetss\u00e4tt och den kirurgiska noggrannhet som jag har anammat.<\/p>\n","protected":false},"excerpt":{"rendered":"<p>Perioden d\u00e5 jag arbetade som \u00f6ron-, n\u00e4s- och halsl\u00e4kare (\u00d6NH) p\u00e5 Ni\u015fanta\u015f\u0131 Sjukhus och \u0130stanbul Hospital var en mycket v\u00e4rdefull tid d\u00e5 jag f\u00f6rdjupade min yrkeserfarenhet och tog min kliniska praktik till en avancerad niv\u00e5. Erfarenheterna jag fick p\u00e5 dessa tv\u00e5 olika v\u00e5rdinstitutioner gav mig ett brett perspektiv b\u00e5de vad g\u00e4ller patientvariation och de olika [&#8230;]\n","protected":false},"author":990002,"featured_media":0,"parent":11829,"menu_order":0,"comment_status":"closed","ping_status":"closed","template":"page-blank-title-center.php","meta":{"footnotes":""},"class_list":["post-11836","page","type-page","status-publish","hentry"],"_links":{"self":[{"href":"https:\/\/www.alevcamcioglu.com\/sv\/wp-json\/wp\/v2\/pages\/11836","targetHints":{"allow":["GET"]}}],"collection":[{"href":"https:\/\/www.alevcamcioglu.com\/sv\/wp-json\/wp\/v2\/pages"}],"about":[{"href":"https:\/\/www.alevcamcioglu.com\/sv\/wp-json\/wp\/v2\/types\/page"}],"author":[{"embeddable":true,"href":"https:\/\/www.alevcamcioglu.com\/sv\/wp-json\/wp\/v2\/users\/990002"}],"replies":[{"embeddable":true,"href":"https:\/\/www.alevcamcioglu.com\/sv\/wp-json\/wp\/v2\/comments?post=11836"}],"version-history":[{"count":2,"href":"https:\/\/www.alevcamcioglu.com\/sv\/wp-json\/wp\/v2\/pages\/11836\/revisions"}],"predecessor-version":[{"id":11870,"href":"https:\/\/www.alevcamcioglu.com\/sv\/wp-json\/wp\/v2\/pages\/11836\/revisions\/11870"}],"up":[{"embeddable":true,"href":"https:\/\/www.alevcamcioglu.com\/sv\/wp-json\/wp\/v2\/pages\/11829"}],"wp:attachment":[{"href":"https:\/\/www.alevcamcioglu.com\/sv\/wp-json\/wp\/v2\/media?parent=11836"}],"curies":[{"name":"wp","href":"https:\/\/api.w.org\/{rel}","templated":true}]}}