{"id":11835,"date":"2026-04-06T10:37:46","date_gmt":"2026-04-06T07:37:46","guid":{"rendered":"https:\/\/www.alevcamcioglu.com\/?page_id=11835"},"modified":"2026-05-06T18:31:30","modified_gmt":"2026-05-06T15:31:30","slug":"specialistutbildning-i-oron-nas-och-halssjukdomar-samt-huvud-och-halskirurgi-vid-kocaeli-universitets-medicinska-fakultet","status":"publish","type":"page","link":"https:\/\/www.alevcamcioglu.com\/sv\/om-mig\/specialistutbildning-i-oron-nas-och-halssjukdomar-samt-huvud-och-halskirurgi-vid-kocaeli-universitets-medicinska-fakultet\/","title":{"rendered":"Specialistutbildning i \u00f6ron-, n\u00e4s- och halssjukdomar samt huvud- och halskirurgi vid Kocaeli universitets medicinska fakultet"},"content":{"rendered":"<p>Genom att slutf\u00f6ra min specialistutbildning inom \u00f6ron-, n\u00e4s- och halssjukdomar samt huvud- och halskirurgi vid Kocaeli Universitets Medicinska Fakultet n\u00e5dde jag en viktig milstolpe i min yrkesm\u00e4ssiga resa. Efter examen fr\u00e5n l\u00e4karutbildningen ledde mitt intresse f\u00f6r kirurgi och s\u00e4rskilt min fascination f\u00f6r huvud- och halsregionens komplexa anatomi mig till detta omr\u00e5de. Specialistutbildningen vid Kocaeli Universitet var inte bara en period d\u00e4r jag f\u00f6rv\u00e4rvade teoretisk kunskap, utan ocks\u00e5 en tid d\u00e5 jag fick intensiv klinisk erfarenhet och utvecklade mig sj\u00e4lv p\u00e5 alla plan.<\/p>\n<p>Under min specialistutbildning fick jag m\u00f6jlighet att arbeta inom ett brett spektrum av diagnostik och behandling av \u00f6ron-, n\u00e4s- och halssjukdomar. F\u00f6rutom sjukdomar i n\u00e4sa, bih\u00e5lor, \u00f6ron och hals deltog jag aktivt i m\u00e5nga komplexa fall inom huvud- och halskirurgi. Under denna period utvecklade jag ett s\u00e4rskilt intresse f\u00f6r rinologi, det vill s\u00e4ga omr\u00e5det som r\u00f6r n\u00e4s- och bih\u00e5lesjukdomar. Att se hur funktionell och estetisk n\u00e4skirurgi direkt p\u00e5verkar patienternas livskvalitet st\u00e4rkte ytterligare mitt intresse f\u00f6r detta omr\u00e5de.<\/p>\n<p>Under utbildningen deltog jag aktivt i n\u00e4soperationer utf\u00f6rda med b\u00e5de \u00f6ppna och slutna tekniker, inklusive operationer s\u00e5som septoplastik och septorhinoplastik. Samtidigt fick jag erfarenhet av avancerade tekniker s\u00e5som endoskopisk bih\u00e5lekirurgi. Det var under denna period jag tydligt l\u00e4rde mig att varje patients anatomi \u00e4r unik och att kirurgisk planering alltid m\u00e5ste anpassas individuellt.<\/p>\n<p>Utbildningen jag fick vid Kocaeli Universitet gav mig inte bara kirurgiska f\u00e4rdigheter utan skapade \u00e4ven en stark grund inom patientkommunikation, etiskt f\u00f6rh\u00e5llningss\u00e4tt och vetenskapligt t\u00e4nkande. Genom ett multidisciplin\u00e4rt arbetss\u00e4tt och samarbete med olika medicinska specialiteter fick jag m\u00f6jlighet att utveckla en mer holistisk behandlingsmetod.<\/p>\n<p>Grunden f\u00f6r alla kirurgiska tekniker jag anv\u00e4nder idag och det patientfokuserade arbetss\u00e4tt jag har antagit bygger p\u00e5 denna omfattande och h\u00f6gkvalitativa utbildningsperiod vid Kocaeli Universitet. Denna erfarenhet forts\u00e4tter att vara en av de mest stabila h\u00f6rnstenarna i min yrkespraktik.<\/p>\n","protected":false},"excerpt":{"rendered":"<p>Genom att slutf\u00f6ra min specialistutbildning inom \u00f6ron-, n\u00e4s- och halssjukdomar samt huvud- och halskirurgi vid Kocaeli Universitets Medicinska Fakultet n\u00e5dde jag en viktig milstolpe i min yrkesm\u00e4ssiga resa. Efter examen fr\u00e5n l\u00e4karutbildningen ledde mitt intresse f\u00f6r kirurgi och s\u00e4rskilt min fascination f\u00f6r huvud- och halsregionens komplexa anatomi mig till detta omr\u00e5de. Specialistutbildningen vid Kocaeli Universitet [&#8230;]\n","protected":false},"author":990002,"featured_media":0,"parent":11829,"menu_order":0,"comment_status":"closed","ping_status":"closed","template":"page-blank-title-center.php","meta":{"footnotes":""},"class_list":["post-11835","page","type-page","status-publish","hentry"],"_links":{"self":[{"href":"https:\/\/www.alevcamcioglu.com\/sv\/wp-json\/wp\/v2\/pages\/11835","targetHints":{"allow":["GET"]}}],"collection":[{"href":"https:\/\/www.alevcamcioglu.com\/sv\/wp-json\/wp\/v2\/pages"}],"about":[{"href":"https:\/\/www.alevcamcioglu.com\/sv\/wp-json\/wp\/v2\/types\/page"}],"author":[{"embeddable":true,"href":"https:\/\/www.alevcamcioglu.com\/sv\/wp-json\/wp\/v2\/users\/990002"}],"replies":[{"embeddable":true,"href":"https:\/\/www.alevcamcioglu.com\/sv\/wp-json\/wp\/v2\/comments?post=11835"}],"version-history":[{"count":2,"href":"https:\/\/www.alevcamcioglu.com\/sv\/wp-json\/wp\/v2\/pages\/11835\/revisions"}],"predecessor-version":[{"id":11868,"href":"https:\/\/www.alevcamcioglu.com\/sv\/wp-json\/wp\/v2\/pages\/11835\/revisions\/11868"}],"up":[{"embeddable":true,"href":"https:\/\/www.alevcamcioglu.com\/sv\/wp-json\/wp\/v2\/pages\/11829"}],"wp:attachment":[{"href":"https:\/\/www.alevcamcioglu.com\/sv\/wp-json\/wp\/v2\/media?parent=11835"}],"curies":[{"name":"wp","href":"https:\/\/api.w.org\/{rel}","templated":true}]}}