{"id":11834,"date":"2026-04-06T10:37:39","date_gmt":"2026-04-06T07:37:39","guid":{"rendered":"https:\/\/www.alevcamcioglu.com\/?page_id=11834"},"modified":"2026-05-06T18:30:26","modified_gmt":"2026-05-06T15:30:26","slug":"lakare-inom-estetisk-och-funktionell-naskirurgi-med-egen-privat-klinik-i-istanbul","status":"publish","type":"page","link":"https:\/\/www.alevcamcioglu.com\/sv\/om-mig\/lakare-inom-estetisk-och-funktionell-naskirurgi-med-egen-privat-klinik-i-istanbul\/","title":{"rendered":"L\u00e4kare inom estetisk och funktionell n\u00e4skirurgi med egen privat klinik i Istanbul"},"content":{"rendered":"<p>Perioden d\u00e5 jag b\u00f6rjade erbjuda tj\u00e4nster inom estetisk och funktionell n\u00e4skirurgi p\u00e5 min egen privata klinik i Istanbul representerar en viktig fas i min yrkesm\u00e4ssiga resa d\u00e4r jag antog ett mer sj\u00e4lvst\u00e4ndigt och holistiskt arbetss\u00e4tt. Under denna period fick jag m\u00f6jlighet att samla all min kunskap och erfarenhet i min egen praktik och erbjuda mina patienter mer personligt anpassade och detaljerade l\u00f6sningar.<\/p>\n<p>P\u00e5 min klinik bed\u00f6mer jag varje patient inte bara utifr\u00e5n estetiska f\u00f6rv\u00e4ntningar utan \u00e4ven utifr\u00e5n funktionella behov. Genom att noggrant analysera n\u00e4sans plats i ansiktets helhet, hudens tjocklek, ben- och broskstruktur samt framf\u00f6r allt andningsfunktionerna skapar jag en individuellt anpassad behandlingsplan. F\u00f6r mig inneb\u00e4r en lyckad n\u00e4soperation inte bara att f\u00f6rb\u00e4ttra det yttre utseendet utan ocks\u00e5 att patienten kan andas bekv\u00e4mt och h\u00e4lsosamt.<\/p>\n<p>Utifr\u00e5n detta arbetss\u00e4tt har jag fokuserat p\u00e5 b\u00e5de estetisk och funktionell n\u00e4skirurgi, s\u00e4rskilt rhinoplastik och septorhinoplastik. Genom att v\u00e4lja den mest l\u00e4mpliga metoden mellan \u00f6ppna och slutna tekniker beroende p\u00e5 patientens behov str\u00e4var jag efter att uppn\u00e5 naturliga och ansiktsharmoniska resultat. Jag l\u00e4gger s\u00e4rskild vikt vid naturligt utseende n\u00e4splastik och planerar resultat som sm\u00e4lter samman med ansiktsdragen, inte drar on\u00f6dig uppm\u00e4rksamhet men \u00e4nd\u00e5 g\u00f6r skillnad.<\/p>\n<p>P\u00e5 min klinik anv\u00e4nder jag \u00e4ven moderna teknologier aktivt. Tack vare avancerade tekniker s\u00e5som Piezo ultraljudskirurgi str\u00e4var jag efter att minimera v\u00e4vnadstrauma genom mer kontrollerade och precisa ingrepp i benv\u00e4vnaden. Detta bidrar b\u00e5de till mindre bl\u00e5m\u00e4rken och svullnad efter operationen samt till en snabbare \u00e5terh\u00e4mtningsprocess.<\/p>\n<p>Kommunikationen jag bygger upp med mina patienter \u00e4r en av de viktigaste delarna av behandlingsprocessen. F\u00f6re operationen l\u00e4gger jag stor vikt vid att f\u00f6rklara hela processen i detalj f\u00f6r att skapa realistiska f\u00f6rv\u00e4ntningar, och efter operationen f\u00f6ljer jag noggrant upp processen genom regelbundna kontroller. Genom att personligen f\u00f6lja varje patients process str\u00e4var jag efter att de ska k\u00e4nna sig trygga och f\u00f6rst\u00e5dda.<\/p>\n<p>Detta arbetss\u00e4tt som jag forts\u00e4tter med p\u00e5 min privata klinik i Istanbul \u00e4r en \u00e5terspegling av ett tillv\u00e4gag\u00e5ngss\u00e4tt som bygger p\u00e5 vetenskapliga grunder, \u00e4r f\u00f6rankrat i etiska v\u00e4rderingar och s\u00e4tter patientn\u00f6jdhet i fr\u00e4msta rummet. I linje med detta m\u00e5l arbetar jag kontinuerligt med att utveckla mig sj\u00e4lv f\u00f6r att uppn\u00e5 \u00e4nnu b\u00e4ttre resultat.<\/p>\n","protected":false},"excerpt":{"rendered":"<p>Perioden d\u00e5 jag b\u00f6rjade erbjuda tj\u00e4nster inom estetisk och funktionell n\u00e4skirurgi p\u00e5 min egen privata klinik i Istanbul representerar en viktig fas i min yrkesm\u00e4ssiga resa d\u00e4r jag antog ett mer sj\u00e4lvst\u00e4ndigt och holistiskt arbetss\u00e4tt. Under denna period fick jag m\u00f6jlighet att samla all min kunskap och erfarenhet i min egen praktik och erbjuda mina [&#8230;]\n","protected":false},"author":990002,"featured_media":0,"parent":11829,"menu_order":0,"comment_status":"closed","ping_status":"closed","template":"page-blank-title-center.php","meta":{"footnotes":""},"class_list":["post-11834","page","type-page","status-publish","hentry"],"_links":{"self":[{"href":"https:\/\/www.alevcamcioglu.com\/sv\/wp-json\/wp\/v2\/pages\/11834","targetHints":{"allow":["GET"]}}],"collection":[{"href":"https:\/\/www.alevcamcioglu.com\/sv\/wp-json\/wp\/v2\/pages"}],"about":[{"href":"https:\/\/www.alevcamcioglu.com\/sv\/wp-json\/wp\/v2\/types\/page"}],"author":[{"embeddable":true,"href":"https:\/\/www.alevcamcioglu.com\/sv\/wp-json\/wp\/v2\/users\/990002"}],"replies":[{"embeddable":true,"href":"https:\/\/www.alevcamcioglu.com\/sv\/wp-json\/wp\/v2\/comments?post=11834"}],"version-history":[{"count":2,"href":"https:\/\/www.alevcamcioglu.com\/sv\/wp-json\/wp\/v2\/pages\/11834\/revisions"}],"predecessor-version":[{"id":11864,"href":"https:\/\/www.alevcamcioglu.com\/sv\/wp-json\/wp\/v2\/pages\/11834\/revisions\/11864"}],"up":[{"embeddable":true,"href":"https:\/\/www.alevcamcioglu.com\/sv\/wp-json\/wp\/v2\/pages\/11829"}],"wp:attachment":[{"href":"https:\/\/www.alevcamcioglu.com\/sv\/wp-json\/wp\/v2\/media?parent=11834"}],"curies":[{"name":"wp","href":"https:\/\/api.w.org\/{rel}","templated":true}]}}