{"id":11832,"date":"2026-04-06T10:37:33","date_gmt":"2026-04-06T07:37:33","guid":{"rendered":"https:\/\/www.alevcamcioglu.com\/?page_id=11832"},"modified":"2026-05-06T18:28:16","modified_gmt":"2026-05-06T15:28:16","slug":"onh-lakare-vid-istanbul-hospital","status":"publish","type":"page","link":"https:\/\/www.alevcamcioglu.com\/sv\/om-mig\/onh-lakare-vid-istanbul-hospital\/","title":{"rendered":"\u00d6NH-l\u00e4kare vid Istanbul Hospital"},"content":{"rendered":"<p>Perioden d\u00e5 jag arbetade som \u00f6ron-, n\u00e4s- och halsl\u00e4kare (\u00d6NH) p\u00e5 \u0130stanbul Hospital representerar en viktig fas i min yrkesm\u00e4ssiga utveckling. De kliniska erfarenheter jag fick under denna tid bidrog inte bara till att st\u00e4rka mitt patientbem\u00f6tande utan \u00e4ven till att utveckla mina kirurgiska f\u00e4rdigheter till en avancerad niv\u00e5. M\u00f6jligheten att arbeta med patienter i olika \u00e5ldersgrupper och med varierande h\u00e4lsoproblem gav mig ett bredare perspektiv p\u00e5 mitt yrke.<\/p>\n<p>Under min tj\u00e4nstg\u00f6ring spelade jag en aktiv roll i diagnostik och behandling av \u00f6ron-, n\u00e4s- och halssjukdomar. I den dagliga mottagningsverksamheten utv\u00e4rderade jag m\u00e5nga fall s\u00e5som n\u00e4st\u00e4ppa, bih\u00e5leinflammation, allergisk rinit, \u00f6roninfektioner, h\u00f6rselneds\u00e4ttningar, yrsel och halssjukdomar. Genom att noggrant analysera varje patients besv\u00e4r str\u00e4vade jag b\u00e5de efter att st\u00e4lla r\u00e4tt diagnos och att fastst\u00e4lla den mest l\u00e4mpliga behandlingsmetoden.<\/p>\n<p>Inom det kirurgiska omr\u00e5det deltog jag aktivt i b\u00e5de funktionella och estetiska ingrepp. Jag fick s\u00e4rskilt erfarenhet inom septoplastik, septorhinoplastik och n\u00e4splastikoperationer. Under denna process lade jag stor vikt inte bara vid estetiska resultat utan \u00e4ven vid att bevara och f\u00f6rb\u00e4ttra patienternas andningsfunktioner. Genom att arbeta noggrant i varje steg av den preoperativa planeringen, den kirurgiska behandlingen och den postoperativa uppf\u00f6ljningen hade jag som m\u00e5l att uppn\u00e5 b\u00e4sta m\u00f6jliga resultat f\u00f6r mina patienter.<\/p>\n<p>Under min tid p\u00e5 \u0130stanbul Hospital drog jag ocks\u00e5 effektiv nytta av den teknologiska infrastrukturen. Genom att anv\u00e4nda moderna metoder s\u00e5som endoskopiska unders\u00f6kningar och kirurgiska tekniker fick jag m\u00f6jlighet att uppn\u00e5 mer precisa och framg\u00e5ngsrika resultat. Detta \u00f6kade b\u00e5de patientn\u00f6jdheten och gjorde behandlingsprocesserna mer bekv\u00e4ma.<\/p>\n<p>Dessutom fick jag under denna period en djupare f\u00f6rst\u00e5else f\u00f6r vikten av kommunikationen mellan l\u00e4kare och patient. Jag anammade ett arbetss\u00e4tt d\u00e4r jag inte bara st\u00f6dde mina patienter under behandlingsprocessen utan \u00e4ven i informations- och v\u00e4gledningsfasen. Jag observerade tydligare under denna tid att skapandet av en f\u00f6rtroendefull relation \u00e4r en av de viktigaste faktorerna f\u00f6r behandlingens framg\u00e5ng.<\/p>\n<p>Min tj\u00e4nstg\u00f6ring p\u00e5 \u0130stanbul Hospital har en viktig plats i min karri\u00e4r som en v\u00e4rdefull erfarenhet d\u00e4r jag b\u00e5de st\u00e4rkte min yrkeskompetens och vidareutvecklade mitt patientfokuserade arbetss\u00e4tt.<\/p>\n","protected":false},"excerpt":{"rendered":"<p>Perioden d\u00e5 jag arbetade som \u00f6ron-, n\u00e4s- och halsl\u00e4kare (\u00d6NH) p\u00e5 \u0130stanbul Hospital representerar en viktig fas i min yrkesm\u00e4ssiga utveckling. De kliniska erfarenheter jag fick under denna tid bidrog inte bara till att st\u00e4rka mitt patientbem\u00f6tande utan \u00e4ven till att utveckla mina kirurgiska f\u00e4rdigheter till en avancerad niv\u00e5. M\u00f6jligheten att arbeta med patienter i [&#8230;]\n","protected":false},"author":990002,"featured_media":0,"parent":11829,"menu_order":0,"comment_status":"closed","ping_status":"closed","template":"page-blank-title-center.php","meta":{"footnotes":""},"class_list":["post-11832","page","type-page","status-publish","hentry"],"_links":{"self":[{"href":"https:\/\/www.alevcamcioglu.com\/sv\/wp-json\/wp\/v2\/pages\/11832","targetHints":{"allow":["GET"]}}],"collection":[{"href":"https:\/\/www.alevcamcioglu.com\/sv\/wp-json\/wp\/v2\/pages"}],"about":[{"href":"https:\/\/www.alevcamcioglu.com\/sv\/wp-json\/wp\/v2\/types\/page"}],"author":[{"embeddable":true,"href":"https:\/\/www.alevcamcioglu.com\/sv\/wp-json\/wp\/v2\/users\/990002"}],"replies":[{"embeddable":true,"href":"https:\/\/www.alevcamcioglu.com\/sv\/wp-json\/wp\/v2\/comments?post=11832"}],"version-history":[{"count":2,"href":"https:\/\/www.alevcamcioglu.com\/sv\/wp-json\/wp\/v2\/pages\/11832\/revisions"}],"predecessor-version":[{"id":11860,"href":"https:\/\/www.alevcamcioglu.com\/sv\/wp-json\/wp\/v2\/pages\/11832\/revisions\/11860"}],"up":[{"embeddable":true,"href":"https:\/\/www.alevcamcioglu.com\/sv\/wp-json\/wp\/v2\/pages\/11829"}],"wp:attachment":[{"href":"https:\/\/www.alevcamcioglu.com\/sv\/wp-json\/wp\/v2\/media?parent=11832"}],"curies":[{"name":"wp","href":"https:\/\/api.w.org\/{rel}","templated":true}]}}