{"id":11829,"date":"2018-02-01T11:01:08","date_gmt":"2018-02-01T08:01:08","guid":{"rendered":"https:\/\/www.alevcamcioglu.com\/?page_id=11829"},"modified":"2026-05-06T18:25:51","modified_gmt":"2026-05-06T15:25:51","slug":"om-mig","status":"publish","type":"page","link":"https:\/\/www.alevcamcioglu.com\/sv\/om-mig\/","title":{"rendered":"Om mig"},"content":{"rendered":"<div class=\"container section-title-container\" ><h1 class=\"section-title section-title-normal\"><b aria-hidden=\"true\"><\/b><span class=\"section-title-main\" >Vem \u00e4r Op. Dr. Alev Camc\u0131o\u011flu?<\/span><b aria-hidden=\"true\"><\/b><\/h1><\/div>\n<div class=\"row\"  id=\"row-1773226101\">\n\n\t<div id=\"col-781367876\" class=\"col medium-6 small-12 large-6\"  >\n\t\t\t\t<div class=\"col-inner\"  >\n\t\t\t\n\t\t\t\n\t<div class=\"img has-hover x md-x lg-x y md-y lg-y\" id=\"image_1223050125\">\n\t\t\t\t\t\t\t\t<div class=\"img-inner dark\" >\n\t\t\t<img decoding=\"async\" width=\"600\" height=\"400\" src=\"https:\/\/www.alevcamcioglu.com\/wp-content\/uploads\/2024\/02\/DSC00567-600x400-1.jpg\" class=\"attachment-large size-large\" alt=\"\" srcset=\"https:\/\/www.alevcamcioglu.com\/wp-content\/uploads\/2024\/02\/DSC00567-600x400-1.jpg 600w, https:\/\/www.alevcamcioglu.com\/wp-content\/uploads\/2024\/02\/DSC00567-600x400-1-300x200.jpg 300w, https:\/\/www.alevcamcioglu.com\/wp-content\/uploads\/2024\/02\/DSC00567-600x400-1-370x247.jpg 370w\" sizes=\"(max-width: 600px) 100vw, 600px\" title=\"\">\t\t\t\t\t\t\n\t\t\t\t\t<\/div>\n\t\t\t\t\t\t\t\t\n<style>\n#image_1223050125 {\n  width: 100%;\n}\n<\/style>\n\t<\/div>\n\t\n\t\t<\/div>\n\t\t\t\t\t<\/div>\n\n\t\n\n\t<div id=\"col-1591366330\" class=\"col medium-6 small-12 large-6\"  >\n\t\t\t\t<div class=\"col-inner\"  >\n\t\t\t\n\t\t\t\n<p><span style=\"font-weight: 400;\">Op. Dr. Alev Camc\u0131o\u011flu, f\u00f6dd 1975 i Kardzjali, avslutade sin grund- och gymnasieutbildning vid <\/span><b>Saint Michel Franska Gymnasium<\/b><span style=\"font-weight: 400;\">. \u00c5r 2001 tog han examen fr\u00e5n <\/span><b>Kocaeli Universitets Medicinska Fakultet<\/b><span style=\"font-weight: 400;\"> och erh\u00f6ll titeln \u201dL\u00e4kare\u201d. Vid samma universitet slutf\u00f6rde han framg\u00e5ngsrikt sin <\/span><b><a href=\"https:\/\/www.alevcamcioglu.com\/sv\/?page_id=11835\">specialistutbildning inom \u00f6ron-, n\u00e4s- och halssjukdomar samt huvud- och halskirurgi \u00e5r 2008<\/a><\/b><span style=\"font-weight: 400;\">.<\/span><\/p>\n<p><span style=\"font-weight: 400;\">Efter specialistutbildningen fullgjorde Dr. Camc\u0131o\u011flu sina obligatoriska tj\u00e4nstg\u00f6ringar i <\/span><b>Hakkari, Kocaeli och Mu\u015f-Varto<\/b><span style=\"font-weight: 400;\"> och genomf\u00f6rde sin milit\u00e4rtj\u00e4nst vid <\/span><b>Generalkommandots Specialmedicinska Dispens\u00e4r<\/b><span style=\"font-weight: 400;\">. D\u00e4refter arbetade han vid <\/span><a href=\"https:\/\/www.alevcamcioglu.com\/sv\/om-mig\/onh-lakare-vid-istanbul-hospital\/\"><b>Istanbul Hospital<\/b><\/a><span style=\"font-weight: 400;\"> och <\/span><a href=\"https:\/\/www.alevcamcioglu.com\/sv\/?page_id=11836\"><b>Ni\u015fanta\u015f\u0131 Sjukhus<\/b><\/a><span style=\"font-weight: 400;\"> d\u00e4r han st\u00e4rkte sin kliniska erfarenhet.<\/span><\/p>\n<p><span style=\"font-weight: 400;\">Sedan 2016 arbetar han vid <\/span><a href=\"https:\/\/www.alevcamcioglu.com\/sv\/?page_id=11834\"><b>sin privata klinik i Istanbul<\/b><\/a><span style=\"font-weight: 400;\"> och erbjuder behandlingar inom estetisk och funktionell n\u00e4skirurgi.<\/span><\/p>\n\t\t<\/div>\n\t\t\t\t\n<style>\n#col-1591366330 > .col-inner {\n  margin: 0px 0px -30px 0px;\n}\n<\/style>\n\t<\/div>\n\n\t\n\n\t<div id=\"col-1435078715\" class=\"col small-12 large-12\"  >\n\t\t\t\t<div class=\"col-inner\"  >\n\t\t\t\n\t\t\t\n<h2><b>Specialomr\u00e5den och Vanliga Ingrepp<\/b><\/h2>\n<p><span style=\"font-weight: 400;\">Op. Dr. Alev Camc\u0131o\u011flu \u00e4r k\u00e4nd f\u00f6r sina personligt anpassade kirurgiska metoder inom <\/span><b>n\u00e4splastik (rhinoplastik)<\/b><span style=\"font-weight: 400;\"> d\u00e4r naturligt utseende, funktionell balans och ansiktsestetik kombineras. Han prioriterar inte bara det estetiska resultatet utan \u00e4ven bevarandet av n\u00e4sans funktioner.<\/span><\/p>\n<p><b>Vanligt Utf\u00f6rda Ingrepp:<\/b><\/p>\n<ul>\n<li style=\"font-weight: 400;\" aria-level=\"1\"><span style=\"font-weight: 400;\">\u00d6ppen N\u00e4soperation<\/span><\/li>\n<li style=\"font-weight: 400;\" aria-level=\"1\"><span style=\"font-weight: 400;\">Revisionsn\u00e4soperation<\/span><\/li>\n<li style=\"font-weight: 400;\" aria-level=\"1\"><span style=\"font-weight: 400;\">F\u00f6rminskning av N\u00e4sborrar och N\u00e4svingar (Alarplastik)<\/span><\/li>\n<li style=\"font-weight: 400;\" aria-level=\"1\"><span style=\"font-weight: 400;\">N\u00e4sspetsplastik (Tipplastik)<\/span><\/li>\n<li style=\"font-weight: 400;\" aria-level=\"1\"><span style=\"font-weight: 400;\">Naturligt Utseende N\u00e4splastik<\/span><\/li>\n<li style=\"font-weight: 400;\" aria-level=\"1\"><span style=\"font-weight: 400;\">Funktionell N\u00e4splastik<\/span><\/li>\n<li style=\"font-weight: 400;\" aria-level=\"1\"><span style=\"font-weight: 400;\">Rhinoplastik f\u00f6r M\u00e4n<\/span><\/li>\n<li style=\"font-weight: 400;\" aria-level=\"1\"><span style=\"font-weight: 400;\">Bred N\u00e4sa N\u00e4splastik<\/span><\/li>\n<li style=\"font-weight: 400;\" aria-level=\"1\"><span style=\"font-weight: 400;\">N\u00e4splastik f\u00f6r Tjock Hud<\/span><\/li>\n<li style=\"font-weight: 400;\" aria-level=\"1\"><span style=\"font-weight: 400;\">Operation f\u00f6r Bruten N\u00e4sa (N\u00e4sfraktur)<\/span><\/li>\n<li style=\"font-weight: 400;\" aria-level=\"1\"><span style=\"font-weight: 400;\">Septorhinoplastik<\/span><\/li>\n<li style=\"font-weight: 400;\" aria-level=\"1\"><span style=\"font-weight: 400;\">Etnisk N\u00e4splastik<\/span><\/li>\n<li style=\"font-weight: 400;\" aria-level=\"1\"><span style=\"font-weight: 400;\">N\u00e4splastik f\u00f6r N\u00e4sryggspuckel<\/span><\/li>\n<li style=\"font-weight: 400;\" aria-level=\"1\"><span style=\"font-weight: 400;\">Septoplastik<\/span><\/li>\n<li style=\"font-weight: 400;\" aria-level=\"1\"><span style=\"font-weight: 400;\">Hokka-, Hasseln\u00f6ts- och Barbie Nose-estetik<\/span><\/li>\n<li style=\"font-weight: 400;\" aria-level=\"1\"><span style=\"font-weight: 400;\">Lyft av N\u00e4sspetsen<\/span><\/li>\n<li style=\"font-weight: 400;\" aria-level=\"1\"><span style=\"font-weight: 400;\">Deviationsoperation<\/span><\/li>\n<li style=\"font-weight: 400;\" aria-level=\"1\"><span style=\"font-weight: 400;\">Piezo (Ultraljudsbaserad) N\u00e4splastik<\/span><\/li>\n<li style=\"font-weight: 400;\" aria-level=\"1\"><span style=\"font-weight: 400;\">Operation f\u00f6r B\u00f6jd N\u00e4sa och N\u00e4sfilning<\/span><\/li>\n<\/ul>\n<h2><b>Erfarenhet och Tillv\u00e4gag\u00e5ngss\u00e4tt<\/b><\/h2>\n<p><span style=\"font-weight: 400;\">Dr. Camc\u0131o\u011flu utf\u00f6r <\/span><b>personligt anpassad n\u00e4splastikplanering<\/b><span style=\"font-weight: 400;\"> genom att noggrant analysera varje patients ansiktsstruktur, hudtjocklek och andningsfunktioner. I varje steg av den kirurgiska processen l\u00e4gger han stor vikt vid att bevara naturlig andningsfunktion tillsammans med det estetiska resultatet.<\/span><\/p>\n<p><span style=\"font-weight: 400;\">I sina behandlingar f\u00f6redrar han moderna metoder s\u00e5som <\/span><b>Piezo ultraljudsteknik<\/b><span style=\"font-weight: 400;\"> f\u00f6r att uppn\u00e5 snabb \u00e5terh\u00e4mtning och naturliga resultat med minimal p\u00e5verkan p\u00e5 v\u00e4vnaden. Med sitt vetenskapligt baserade, etiska och patientfokuserade arbetss\u00e4tt har han en p\u00e5litlig l\u00e4karprofil.<\/span><\/p>\n<h2><b>Medlemskap och Akademiska Bidrag<\/b><\/h2>\n<ul>\n<li style=\"font-weight: 400;\" aria-level=\"1\"><span style=\"font-weight: 400;\">Turkiska F\u00f6reningen f\u00f6r \u00d6ron-, N\u00e4s- och Halssjukdomar samt Huvud- och Halskirurgi<\/span><\/li>\n<li style=\"font-weight: 400;\" aria-level=\"1\"><span style=\"font-weight: 400;\">Turkiska Rhinologif\u00f6reningen<\/span><\/li>\n<li style=\"font-weight: 400;\" aria-level=\"1\"><span style=\"font-weight: 400;\">Europeiska Rhinologif\u00f6reningen (ERS)<\/span><\/li>\n<\/ul>\n\t\t<\/div>\n\t\t\t\t\t<\/div>\n\n\t\n<\/div>\n<div><iframe style=\"border: 0;\" src=\"https:\/\/www.google.com\/maps\/embed?pb=!1m14!1m8!1m3!1d6017.313393365514!2d28.998844!3d41.054636!3m2!1i1024!2i768!4f13.1!3m3!1m2!1s0x14cabb5b6d477697%3A0x8db615b1347f86bf!2sOp.%20Dr.%20Alev%20Camc%C4%B1o%C4%9Flu%20%7C%20Burun%20Esteti%C4%9Fi%20%2C%20Rinoplasti!5e0!3m2!1sen!2sus!4v1728645212774!5m2!1sen!2sus\" width=\"100%\" height=\"200\" allowfullscreen=\"allowfullscreen\" data-mce-fragment=\"1\"><\/iframe><\/div>\n","protected":false},"excerpt":{"rendered":"","protected":false},"author":990002,"featured_media":0,"parent":0,"menu_order":0,"comment_status":"closed","ping_status":"closed","template":"page-blank.php","meta":{"footnotes":""},"class_list":["post-11829","page","type-page","status-publish","hentry"],"_links":{"self":[{"href":"https:\/\/www.alevcamcioglu.com\/sv\/wp-json\/wp\/v2\/pages\/11829","targetHints":{"allow":["GET"]}}],"collection":[{"href":"https:\/\/www.alevcamcioglu.com\/sv\/wp-json\/wp\/v2\/pages"}],"about":[{"href":"https:\/\/www.alevcamcioglu.com\/sv\/wp-json\/wp\/v2\/types\/page"}],"author":[{"embeddable":true,"href":"https:\/\/www.alevcamcioglu.com\/sv\/wp-json\/wp\/v2\/users\/990002"}],"replies":[{"embeddable":true,"href":"https:\/\/www.alevcamcioglu.com\/sv\/wp-json\/wp\/v2\/comments?post=11829"}],"version-history":[{"count":3,"href":"https:\/\/www.alevcamcioglu.com\/sv\/wp-json\/wp\/v2\/pages\/11829\/revisions"}],"predecessor-version":[{"id":11854,"href":"https:\/\/www.alevcamcioglu.com\/sv\/wp-json\/wp\/v2\/pages\/11829\/revisions\/11854"}],"wp:attachment":[{"href":"https:\/\/www.alevcamcioglu.com\/sv\/wp-json\/wp\/v2\/media?parent=11829"}],"curies":[{"name":"wp","href":"https:\/\/api.w.org\/{rel}","templated":true}]}}