{"id":7280,"date":"2024-11-27T12:18:46","date_gmt":"2024-11-27T12:18:46","guid":{"rendered":"https:\/\/www.alevcamcioglu.com\/?page_id=7280"},"modified":"2024-11-27T13:35:01","modified_gmt":"2024-11-27T13:35:01","slug":"komentari","status":"publish","type":"page","link":"https:\/\/www.alevcamcioglu.com\/sr\/about-us\/komentari\/","title":{"rendered":"\u041a\u043e\u043c\u0435\u043d\u0442\u0430\u0440\u0438"},"content":{"rendered":"\n\t<section class=\"section\" id=\"section_521290927\">\n\t\t<div class=\"section-bg fill\" >\n\t\t\t\t\t\t\t\t\t\n\t\t\t\n\n\t\t<\/div>\n\n\t\t\n\n\t\t<div class=\"section-content relative\">\n\t\t\t\n  <div id=\"page-header-567848320\" class=\"page-header-wrapper\">\n  <div class=\"page-title dark simple-title\">\n\n    \n    <div class=\"page-title-inner container align-top flex-row medium-flex-wrap\" >\n              <div class=\"title-wrapper flex-col text-left medium-text-center\">\n          <h1 class=\"entry-title mb-0\">\n            \u041a\u043e\u043c\u0435\u043d\u0442\u0430\u0440\u0438          <\/h1>\n        <\/div>\n                    <div class=\"title-content flex-col flex-right text-right medium-text-center\">\n        <div class=\"title-breadcrumbs pb-half pt-half\"><\/div>      <\/div>\n    <\/div>\n\n       <\/div>\n    <\/div>\n  \n\t\t<\/div>\n\n\t\t\n<style>\n#section_521290927 {\n  padding-top: 30px;\n  padding-bottom: 30px;\n  background-color: #2b0062;\n}\n<\/style>\n\t<\/section>\n\t\n\n\t<section class=\"section\" id=\"section_763934283\">\n\t\t<div class=\"section-bg fill\" >\n\t\t\t\t\t\t\t\t\t\n\t\t\t\n\n\t\t<\/div>\n\n\t\t\n\n\t\t<div class=\"section-content relative\">\n\t\t\t\n<div class=\"row align-equal\"  id=\"row-1581899429\">\n\n\t<div id=\"col-378692621\" class=\"col anasayfa-yorum medium-4 small-12 large-4\"  >\n\t\t\t\t<div class=\"col-inner box-shadow-2\"  >\n\t\t\t\n\t\t\t\n\t<div id=\"text-3771980448\" class=\"text\">\n\t\t\n<p><span style=\"font-size: 130%;\"><strong>Elif Nur J\u0131ld\u0131z<\/strong><\/span><\/p>\n<p>\u017delimo da se beskrajno zahvalimo dr. Alevu Camc\u0131o\u011flu na pa\u017enji i profesionalizmu koji je pokazao tokom na\u0161e rinoplastike. Strpljivo je odgovarao na sva na\u0161a pitanja pre i posle operacije i obave\u0161tavao nas o svakom koraku&#8230;<\/p>\n\t\t\n<style>\n#text-3771980448 {\n  color: rgb(0,0,0);\n}\n#text-3771980448 > * {\n  color: rgb(0,0,0);\n}\n<\/style>\n\t<\/div>\n\t\n\t\t<\/div>\n\t\t\t\t\n<style>\n#col-378692621 > .col-inner {\n  padding: 20px 20px 10px 20px;\n}\n<\/style>\n\t<\/div>\n\n\t\n\n\t<div id=\"col-805052693\" class=\"col anasayfa-yorum medium-4 small-12 large-4\"  >\n\t\t\t\t<div class=\"col-inner box-shadow-2\"  >\n\t\t\t\n\t\t\t\n\t<div id=\"text-1132585557\" class=\"text\">\n\t\t\n<p><span style=\"font-size: 130%;\"><strong>Pekcan Ertem<\/strong><\/span><\/p>\n<p>Dr. Alev je izuzetan lekar koji svoj posao obavlja besprekorno. Izveo je revizionu operaciju za mog brata, koji sada ima nos koji savr\u0161eno odgovara njegovom licu. Pre mesec dana i ja sam imao operaciju zbog hrkanja, uklju\u010duju\u0107i redukciju uvule i rinoplastiku&#8230;<\/p>\n\t\t\n<style>\n#text-1132585557 {\n  color: rgb(0,0,0);\n}\n#text-1132585557 > * {\n  color: rgb(0,0,0);\n}\n<\/style>\n\t<\/div>\n\t\n\t\t<\/div>\n\t\t\t\t\n<style>\n#col-805052693 > .col-inner {\n  padding: 20px 20px 10px 20px;\n}\n<\/style>\n\t<\/div>\n\n\t\n\n\t<div id=\"col-1890978415\" class=\"col anasayfa-yorum medium-4 small-12 large-4\"  >\n\t\t\t\t<div class=\"col-inner box-shadow-2\"  >\n\t\t\t\n\t\t\t\n\t<div id=\"text-3965369609\" class=\"text\">\n\t\t\n<p><span style=\"font-size: 130%;\"><strong>Serpil K\u0131l\u0131\u00e7aslan<\/strong><\/span><\/p>\n<p>Zahvaljuju\u0107i dr. Alevu, sada mogu da di\u0161em i imam prelep nos zahvaljuju\u0107i funkcionalnoj rinoplastici. Kao specijalista ORL, koji tako\u0111e pru\u017ea odli\u010dne dugoro\u010dne estetske rezultate, bio je savr\u0161en izbor za mene&#8230;<\/p>\n\t\t\n<style>\n#text-3965369609 {\n  color: rgb(0, 0, 0);\n}\n#text-3965369609 > * {\n  color: rgb(0, 0, 0);\n}\n<\/style>\n\t<\/div>\n\t\n\t\t<\/div>\n\t\t\t\t\n<style>\n#col-1890978415 > .col-inner {\n  padding: 20px 20px 10px 20px;\n}\n<\/style>\n\t<\/div>\n\n\t\n\n\t<div id=\"col-368066219\" class=\"col anasayfa-yorum medium-4 small-12 large-4\"  >\n\t\t\t\t<div class=\"col-inner box-shadow-2\"  >\n\t\t\t\n\t\t\t\n\t<div id=\"text-4250455460\" class=\"text\">\n\t\t\n<p><span style=\"font-size: 130%;\"><strong>\u00d6zg\u00fcn Mert<\/strong><\/span><\/p>\n<p>Nakon obimnog istra\u017eivanja, upoznao sam dr. Aleva za moju rinoplastiku. Kada sam video njegov rad i razgovarao sa njim, ose\u0107ao sam se potpuno sigurno. Tako mi je drago \u0161to sam mu poverio svoj nos; rezultat je \u010dak bolji nego \u0161to sam zami\u0161ljao. To je tako&#8230;<\/p>\n\t\t\n<style>\n#text-4250455460 {\n  color: rgb(0,0,0);\n}\n#text-4250455460 > * {\n  color: rgb(0,0,0);\n}\n<\/style>\n\t<\/div>\n\t\n\t\t<\/div>\n\t\t\t\t\n<style>\n#col-368066219 > .col-inner {\n  padding: 20px 20px 10px 20px;\n}\n<\/style>\n\t<\/div>\n\n\t\n\n\t<div id=\"col-1255913400\" class=\"col anasayfa-yorum medium-4 small-12 large-4\"  >\n\t\t\t\t<div class=\"col-inner box-shadow-2\"  >\n\t\t\t\n\t\t\t\n\t<div id=\"text-3392680697\" class=\"text\">\n\t\t\n<p><span style=\"font-size: 130%;\"><strong>Brk A.<\/strong><\/span><\/p>\n<p>Operisan sam u februaru 2024. godine i izuzetno sam zadovoljan kako procesom, tako i rezultatom. \u010cak su mi prijatelji, koji su imali razli\u010dite estetske operacije, rekli: \u201eIzgleda\u0161 mla\u0111e i privla\u010dnije, ali ne mogu da shvatim \u0161ta se promenilo.\u201c<\/p>\n\t\t\n<style>\n#text-3392680697 {\n  color: rgb(0,0,0);\n}\n#text-3392680697 > * {\n  color: rgb(0,0,0);\n}\n<\/style>\n\t<\/div>\n\t\n\t\t<\/div>\n\t\t\t\t\n<style>\n#col-1255913400 > .col-inner {\n  padding: 20px 20px 10px 20px;\n}\n<\/style>\n\t<\/div>\n\n\t\n\n\t<div id=\"col-737366381\" class=\"col anasayfa-yorum medium-4 small-12 large-4\"  >\n\t\t\t\t<div class=\"col-inner box-shadow-2\"  >\n\t\t\t\n\t\t\t\n\t<div id=\"text-2029346587\" class=\"text\">\n\t\t\n<p><span style=\"font-size: 130%;\"><strong>G\u00f6k\u00e7e Ay<\/strong><\/span><\/p>\n<p>Ne mogu dovoljno zahvaliti dr. Alevu i njegovom timu! Tokom procesa moje rinoplastike, njihova pa\u017enja, razumevanje, ljubaznost i profesionalizam u\u010dinili su da se u svakom trenutku ose\u0107am sigurno. Rezultat je prema\u0161io moja o\u010dekivanja \u2013 toliko je prirodan i savr\u0161eno mi pristaje&#8230;<\/p>\n\t\t\n<style>\n#text-2029346587 {\n  color: rgb(0,0,0);\n}\n#text-2029346587 > * {\n  color: rgb(0,0,0);\n}\n<\/style>\n\t<\/div>\n\t\n\t\t<\/div>\n\t\t\t\t\n<style>\n#col-737366381 > .col-inner {\n  padding: 20px 20px 10px 20px;\n}\n<\/style>\n\t<\/div>\n\n\t\n\n\t<div id=\"col-1085671457\" class=\"col anasayfa-yorum medium-4 small-12 large-4\"  >\n\t\t\t\t<div class=\"col-inner box-shadow-2\"  >\n\t\t\t\n\t\t\t\n\t<div id=\"text-4037793066\" class=\"text\">\n\t\t\n<p><span style=\"font-size: 130%;\"><strong>Irmak<\/strong><\/span><\/p>\n<p>Pro\u0161ao je mesec dana od moje rinoplastike i tako mi je drago \u0161to sam izabrala dr. Aleva i njegov tim. Obo\u017eavam svoj nos \u2013 prirodan je i ta\u010dno onakav kakav sam \u017eelela. Svi oko mene ga obo\u017eavaju. Apsolutno sam odu\u0161evljena rezultatom. Dr. Alev i njegov tim su stru\u010dnjaci u svom poslu&#8230;<\/p>\n\t\t\n<style>\n#text-4037793066 {\n  color: rgb(0,0,0);\n}\n#text-4037793066 > * {\n  color: rgb(0,0,0);\n}\n<\/style>\n\t<\/div>\n\t\n\t\t<\/div>\n\t\t\t\t\n<style>\n#col-1085671457 > .col-inner {\n  padding: 20px 20px 10px 20px;\n}\n<\/style>\n\t<\/div>\n\n\t\n\n\t<div id=\"col-119973863\" class=\"col anasayfa-yorum medium-4 small-12 large-4\"  >\n\t\t\t\t<div class=\"col-inner box-shadow-2\"  >\n\t\t\t\n\t\t\t\n\t<div id=\"text-3327289465\" class=\"text\">\n\t\t\n<p><span style=\"font-size: 130%;\"><strong>Tu\u011f\u00e7e O\u011fuz<\/strong><\/span><\/p>\n<p>Pre oko sedam meseci operisala sam se kod dr. Aleva. Imala sam veoma izazovnu strukturu nosa i dugo sam istra\u017eivala. Nakon susreta sa dr. Alevom, njegov profesionalizam mi je dao toliko samopouzdanja da nisam ni razmi\u0161ljala o drugom lekaru&#8230;<\/p>\n\t\t\n<style>\n#text-3327289465 {\n  color: rgb(0,0,0);\n}\n#text-3327289465 > * {\n  color: rgb(0,0,0);\n}\n<\/style>\n\t<\/div>\n\t\n\t\t<\/div>\n\t\t\t\t\n<style>\n#col-119973863 > .col-inner {\n  padding: 20px 20px 10px 20px;\n}\n<\/style>\n\t<\/div>\n\n\t\n\n\t<div id=\"col-1755861187\" class=\"col anasayfa-yorum medium-4 small-12 large-4\"  >\n\t\t\t\t<div class=\"col-inner box-shadow-2\"  >\n\t\t\t\n\t\t\t\n\t<div id=\"text-1508649697\" class=\"text\">\n\t\t\n<p><span style=\"font-size: 130%;\"><strong>Zehra Nur \u00dcnver<\/strong><\/span><\/p>\n<p>Operisala sam se kod dr. Aleva pre otprilike tri meseca. Dobila sam ta\u010dno nos kakav sam \u017eelela \u2013 prirodan i veoma lep. Samopouzdanje i toplina dr. Aleva u\u010dinili su da se tokom celog procesa ose\u0107am smireno&#8230;<\/p>\n\t\t\n<style>\n#text-1508649697 {\n  color: rgb(0,0,0);\n}\n#text-1508649697 > * {\n  color: rgb(0,0,0);\n}\n<\/style>\n\t<\/div>\n\t\n\t\t<\/div>\n\t\t\t\t\n<style>\n#col-1755861187 > .col-inner {\n  padding: 20px 20px 10px 20px;\n}\n<\/style>\n\t<\/div>\n\n\t\n\n\t<div id=\"col-2142773608\" class=\"col anasayfa-yorum medium-4 small-12 large-4\"  >\n\t\t\t\t<div class=\"col-inner box-shadow-2\"  >\n\t\t\t\n\t\t\t\n\t<div id=\"text-415464968\" class=\"text\">\n\t\t\n<p><span style=\"font-size: 130%;\"><strong>Selen Acar<\/strong><\/span><\/p>\n<p>Na svom prvom pregledu kod dr. Aleva, isplanirali smo moju operaciju. Sve \u0161to je objasnio o procesu se obistinilo. Imala sam glatko i prijatno iskustvo. Sada mogu udobno da di\u0161em i imam nos koji izgleda vrlo prirodno. Tako sam sre\u0107na. Hvala dr. Alevu i njegovom timu. \ud83d\ude42<\/p>\n\t\t\n<style>\n#text-415464968 {\n  color: rgb(0,0,0);\n}\n#text-415464968 > * {\n  color: rgb(0,0,0);\n}\n<\/style>\n\t<\/div>\n\t\n\t\t<\/div>\n\t\t\t\t\n<style>\n#col-2142773608 > .col-inner {\n  padding: 20px 20px 10px 20px;\n}\n<\/style>\n\t<\/div>\n\n\t\n\n\t<div id=\"col-1845730637\" class=\"col anasayfa-yorum medium-4 small-12 large-4\"  >\n\t\t\t\t<div class=\"col-inner box-shadow-2\"  >\n\t\t\t\n\t\t\t\n\t<div id=\"text-2710369763\" class=\"text\">\n\t\t\n<p><span style=\"font-size: 130%;\"><strong>Selda Ac\u0131man<\/strong><\/span><\/p>\n<p>Konsultovala sam se sa dr. Alevom zbog ozbiljnih problema sa disanjem i te\u0161ke devijacije nosa. Od prvog pregleda, preko operacije, pa do godinu dana pra\u0107enja, kako dr. Alev, tako i ceo njegov tim, bili su izuzetno podr\u017eavaju\u0107i i pa\u017eljivi&#8230;<\/p>\n\t\t\n<style>\n#text-2710369763 {\n  color: rgb(0,0,0);\n}\n#text-2710369763 > * {\n  color: rgb(0,0,0);\n}\n<\/style>\n\t<\/div>\n\t\n\t\t<\/div>\n\t\t\t\t\n<style>\n#col-1845730637 > .col-inner {\n  padding: 20px 20px 10px 20px;\n}\n<\/style>\n\t<\/div>\n\n\t\n\n\t<div id=\"col-139265743\" class=\"col anasayfa-yorum medium-4 small-12 large-4\"  >\n\t\t\t\t<div class=\"col-inner box-shadow-2\"  >\n\t\t\t\n\t\t\t\n\t<div id=\"text-4161820145\" class=\"text\">\n\t\t\n<p><span style=\"font-size: 130%;\"><strong>Sibel As\u0131r<\/strong><\/span><\/p>\n<p>Pre osam meseci sam imala revizionu rinoplastiku kod dr. Aleva. Njegovo samopouzdanje, detaljna obja\u0161njenja o operaciji i profesionalizam otklonili su sve moje brige i u\u010dinili da se ose\u0107am sigurno. Objasnio je svaki detalj pre i posle operacije&#8230;<\/p>\n\t\t\n<style>\n#text-4161820145 {\n  color: rgb(0,0,0);\n}\n#text-4161820145 > * {\n  color: rgb(0,0,0);\n}\n<\/style>\n\t<\/div>\n\t\n\t\t<\/div>\n\t\t\t\t\n<style>\n#col-139265743 > .col-inner {\n  padding: 20px 20px 10px 20px;\n}\n<\/style>\n\t<\/div>\n\n\t\n\n\t<div id=\"col-481555594\" class=\"col anasayfa-yorum medium-4 small-12 large-4\"  >\n\t\t\t\t<div class=\"col-inner box-shadow-2\"  >\n\t\t\t\n\t\t\t\n\t<div id=\"text-2728704713\" class=\"text\">\n\t\t\n<p><span style=\"font-size: 130%;\"><strong>Ajda Aktunal\u0131<\/strong><\/span><\/p>\n<p>Godinama sam oklevala da se podvrgnem rinoplastici zbog brojnih sumnji u glavi. Me\u0111utim, susret sa dr. Alevom promenio je sve na pozitivan na\u010din. Moji prioriteti su bili prirodan nos koji odgovara mom licu i dobro disanje&#8230;<\/p>\n\t\t\n<style>\n#text-2728704713 {\n  color: rgb(0,0,0);\n}\n#text-2728704713 > * {\n  color: rgb(0,0,0);\n}\n<\/style>\n\t<\/div>\n\t\n\t\t<\/div>\n\t\t\t\t\n<style>\n#col-481555594 > .col-inner {\n  padding: 20px 20px 10px 20px;\n}\n<\/style>\n\t<\/div>\n\n\t\n\n\t<div id=\"col-1867517551\" class=\"col anasayfa-yorum medium-4 small-12 large-4\"  >\n\t\t\t\t<div class=\"col-inner box-shadow-2\"  >\n\t\t\t\n\t\t\t\n\t<div id=\"text-2326411940\" class=\"text\">\n\t\t\n<p><span style=\"font-size: 130%;\"><strong>Sou<\/strong><\/span><\/p>\n<p>Ono \u0161to me najvi\u0161e impresioniralo kod dr. Aleva je njegova sposobnost da razume va\u0161e potrebe i pru\u017ei precizne rezultate sa velikom pa\u017enjom. Operacija je bila bezbolna, sa minimalnim modricama. Njegov tim je tako\u0111e bio izuzetno pa\u017eljiv i osetljiv&#8230;<\/p>\n\t\t\n<style>\n#text-2326411940 {\n  color: rgb(0,0,0);\n}\n#text-2326411940 > * {\n  color: rgb(0,0,0);\n}\n<\/style>\n\t<\/div>\n\t\n\t\t<\/div>\n\t\t\t\t\n<style>\n#col-1867517551 > .col-inner {\n  padding: 20px 20px 10px 20px;\n}\n<\/style>\n\t<\/div>\n\n\t\n\n\t<div id=\"col-1066112152\" class=\"col anasayfa-yorum medium-4 small-12 large-4\"  >\n\t\t\t\t<div class=\"col-inner box-shadow-2\"  >\n\t\t\t\n\t\t\t\n\t<div id=\"text-3974221002\" class=\"text\">\n\t\t\n<p><span style=\"font-size: 130%;\"><strong>Gizem Alt\u0131nta\u015f<\/strong><\/span><\/p>\n<p>Operisala sam se kod njega pre \u0161est meseci i veoma sam zadovoljna rezultatom. Moj nos izgleda vrlo prirodno i lepo. Rad dr. Aleva je izuzetan \ud83e\uddff. Iskreno zahvaljujem njemu i njegovom timu. \u010cak i pre operacije, sve je tako dobro objasnio&#8230;<\/p>\n\t\t\n<style>\n#text-3974221002 {\n  color: rgb(0,0,0);\n}\n#text-3974221002 > * {\n  color: rgb(0,0,0);\n}\n<\/style>\n\t<\/div>\n\t\n\t\t<\/div>\n\t\t\t\t\n<style>\n#col-1066112152 > .col-inner {\n  padding: 20px 20px 10px 20px;\n}\n<\/style>\n\t<\/div>\n\n\t\n<\/div>\n\t\t<\/div>\n\n\t\t\n<style>\n#section_763934283 {\n  padding-top: 30px;\n  padding-bottom: 30px;\n}\n<\/style>\n\t<\/section>\n\t\n","protected":false},"excerpt":{"rendered":"","protected":false},"author":990002,"featured_media":0,"parent":1725,"menu_order":0,"comment_status":"closed","ping_status":"closed","template":"page-blank.php","meta":{"footnotes":""},"class_list":["post-7280","page","type-page","status-publish","hentry"],"_links":{"self":[{"href":"https:\/\/www.alevcamcioglu.com\/sr\/wp-json\/wp\/v2\/pages\/7280","targetHints":{"allow":["GET"]}}],"collection":[{"href":"https:\/\/www.alevcamcioglu.com\/sr\/wp-json\/wp\/v2\/pages"}],"about":[{"href":"https:\/\/www.alevcamcioglu.com\/sr\/wp-json\/wp\/v2\/types\/page"}],"author":[{"embeddable":true,"href":"https:\/\/www.alevcamcioglu.com\/sr\/wp-json\/wp\/v2\/users\/990002"}],"replies":[{"embeddable":true,"href":"https:\/\/www.alevcamcioglu.com\/sr\/wp-json\/wp\/v2\/comments?post=7280"}],"version-history":[{"count":2,"href":"https:\/\/www.alevcamcioglu.com\/sr\/wp-json\/wp\/v2\/pages\/7280\/revisions"}],"predecessor-version":[{"id":7282,"href":"https:\/\/www.alevcamcioglu.com\/sr\/wp-json\/wp\/v2\/pages\/7280\/revisions\/7282"}],"up":[{"embeddable":true,"href":"https:\/\/www.alevcamcioglu.com\/sr\/wp-json\/wp\/v2\/pages\/1725"}],"wp:attachment":[{"href":"https:\/\/www.alevcamcioglu.com\/sr\/wp-json\/wp\/v2\/media?parent=7280"}],"curies":[{"name":"wp","href":"https:\/\/api.w.org\/{rel}","templated":true}]}}