{"id":7271,"date":"2024-11-27T12:18:46","date_gmt":"2024-11-27T12:18:46","guid":{"rendered":"https:\/\/www.alevcamcioglu.com\/?page_id=7271"},"modified":"2024-11-27T12:51:59","modified_gmt":"2024-11-27T12:51:59","slug":"commentaires","status":"publish","type":"page","link":"https:\/\/www.alevcamcioglu.com\/fr\/a-propos-de-nous\/commentaires\/","title":{"rendered":"Commentaires"},"content":{"rendered":"\n\t<section class=\"section\" id=\"section_556074037\">\n\t\t<div class=\"section-bg fill\" >\n\t\t\t\t\t\t\t\t\t\n\t\t\t\n\n\t\t<\/div>\n\n\t\t\n\n\t\t<div class=\"section-content relative\">\n\t\t\t\n  <div id=\"page-header-2071676276\" class=\"page-header-wrapper\">\n  <div class=\"page-title dark simple-title\">\n\n    \n    <div class=\"page-title-inner container align-top flex-row medium-flex-wrap\" >\n              <div class=\"title-wrapper flex-col text-left medium-text-center\">\n          <h1 class=\"entry-title mb-0\">\n            Commentaires          <\/h1>\n        <\/div>\n                    <div class=\"title-content flex-col flex-right text-right medium-text-center\">\n        <div class=\"title-breadcrumbs pb-half pt-half\"><\/div>      <\/div>\n    <\/div>\n\n       <\/div>\n    <\/div>\n  \n\t\t<\/div>\n\n\t\t\n<style>\n#section_556074037 {\n  padding-top: 30px;\n  padding-bottom: 30px;\n  background-color: #2b0062;\n}\n<\/style>\n\t<\/section>\n\t\n\n\t<section class=\"section\" id=\"section_390625070\">\n\t\t<div class=\"section-bg fill\" >\n\t\t\t\t\t\t\t\t\t\n\t\t\t\n\n\t\t<\/div>\n\n\t\t\n\n\t\t<div class=\"section-content relative\">\n\t\t\t\n<div class=\"row align-equal\"  id=\"row-1107802042\">\n\n\t<div id=\"col-1107644869\" class=\"col anasayfa-yorum medium-4 small-12 large-4\"  >\n\t\t\t\t<div class=\"col-inner box-shadow-2\"  >\n\t\t\t\n\t\t\t\n\t<div id=\"text-730613626\" class=\"text\">\n\t\t\n<p><span style=\"font-size: 130%;\"><strong>Elif Nur Y\u0131ld\u0131z<\/strong><\/span><\/p>\n<p>Nous souhaitons remercier infiniment le Dr. Alev Camc\u0131o\u011flu pour le soin et le professionnalisme qu\u2019il a montr\u00e9s lors de notre rhinoplastie. Il a r\u00e9pondu patiemment \u00e0 toutes nos questions avant et apr\u00e8s l\u2019op\u00e9ration et nous a tenus inform\u00e9s \u00e0 chaque \u00e9tape&#8230;<\/p>\n\t\t\n<style>\n#text-730613626 {\n  color: rgb(0,0,0);\n}\n#text-730613626 > * {\n  color: rgb(0,0,0);\n}\n<\/style>\n\t<\/div>\n\t\n\t\t<\/div>\n\t\t\t\t\n<style>\n#col-1107644869 > .col-inner {\n  padding: 20px 20px 10px 20px;\n}\n<\/style>\n\t<\/div>\n\n\t\n\n\t<div id=\"col-325973743\" class=\"col anasayfa-yorum medium-4 small-12 large-4\"  >\n\t\t\t\t<div class=\"col-inner box-shadow-2\"  >\n\t\t\t\n\t\t\t\n\t<div id=\"text-3200879199\" class=\"text\">\n\t\t\n<p><span style=\"font-size: 130%;\"><strong>Pekcan Ertem<\/strong><\/span><\/p>\n<p>Le Dr. Alev est un m\u00e9decin exceptionnel qui exerce son m\u00e9tier de mani\u00e8re irr\u00e9prochable. Il a r\u00e9alis\u00e9 une chirurgie de r\u00e9vision pour mon fr\u00e8re, et celui-ci a maintenant un nez qui correspond parfaitement \u00e0 son visage. Il y a un mois, j\u2019ai \u00e9galement subi une intervention pour ronflement, comprenant une r\u00e9duction de la luette et une rhinoplastie&#8230;<\/p>\n\t\t\n<style>\n#text-3200879199 {\n  color: rgb(0,0,0);\n}\n#text-3200879199 > * {\n  color: rgb(0,0,0);\n}\n<\/style>\n\t<\/div>\n\t\n\t\t<\/div>\n\t\t\t\t\n<style>\n#col-325973743 > .col-inner {\n  padding: 20px 20px 10px 20px;\n}\n<\/style>\n\t<\/div>\n\n\t\n\n\t<div id=\"col-751787910\" class=\"col anasayfa-yorum medium-4 small-12 large-4\"  >\n\t\t\t\t<div class=\"col-inner box-shadow-2\"  >\n\t\t\t\n\t\t\t\n\t<div id=\"text-2243211968\" class=\"text\">\n\t\t\n<p><span style=\"font-size: 130%;\"><strong>Serpil K\u0131l\u0131\u00e7aslan<\/strong><\/span><\/p>\n<p>Gr\u00e2ce au Dr. Alev, je peux maintenant respirer et avoir un joli nez gr\u00e2ce \u00e0 une rhinoplastie fonctionnelle. En tant que sp\u00e9cialiste ORL qui offre \u00e9galement d\u2019excellents r\u00e9sultats esth\u00e9tiques \u00e0 long terme, il \u00e9tait le choix parfait pour moi&#8230;<\/p>\n\t\t\n<style>\n#text-2243211968 {\n  color: rgb(0, 0, 0);\n}\n#text-2243211968 > * {\n  color: rgb(0, 0, 0);\n}\n<\/style>\n\t<\/div>\n\t\n\t\t<\/div>\n\t\t\t\t\n<style>\n#col-751787910 > .col-inner {\n  padding: 20px 20px 10px 20px;\n}\n<\/style>\n\t<\/div>\n\n\t\n\n\t<div id=\"col-1409022779\" class=\"col anasayfa-yorum medium-4 small-12 large-4\"  >\n\t\t\t\t<div class=\"col-inner box-shadow-2\"  >\n\t\t\t\n\t\t\t\n\t<div id=\"text-3183729724\" class=\"text\">\n\t\t\n<p><span style=\"font-size: 130%;\"><strong>\u00d6zg\u00fcn Mert<\/strong><\/span><\/p>\n<p>Apr\u00e8s de nombreuses recherches, j\u2019ai rencontr\u00e9 le Dr. Alev pour ma rhinoplastie. En voyant son travail et en discutant avec lui, je me suis senti enti\u00e8rement en confiance. Je suis tellement heureux de lui avoir fait confiance ; mon nez est encore mieux que ce que j\u2019avais imagin\u00e9. C\u2019est tellement&#8230;<\/p>\n\t\t\n<style>\n#text-3183729724 {\n  color: rgb(0,0,0);\n}\n#text-3183729724 > * {\n  color: rgb(0,0,0);\n}\n<\/style>\n\t<\/div>\n\t\n\t\t<\/div>\n\t\t\t\t\n<style>\n#col-1409022779 > .col-inner {\n  padding: 20px 20px 10px 20px;\n}\n<\/style>\n\t<\/div>\n\n\t\n\n\t<div id=\"col-1639000888\" class=\"col anasayfa-yorum medium-4 small-12 large-4\"  >\n\t\t\t\t<div class=\"col-inner box-shadow-2\"  >\n\t\t\t\n\t\t\t\n\t<div id=\"text-299205091\" class=\"text\">\n\t\t\n<p><span style=\"font-size: 130%;\"><strong>Brk A.<\/strong><\/span><\/p>\n<p>Je me suis fait op\u00e9rer en f\u00e9vrier 2024, et je suis extr\u00eamement satisfait tant du processus que du r\u00e9sultat. M\u00eame des amis ayant subi diverses interventions esth\u00e9tiques m\u2019ont dit des choses comme : \u00ab Tu as l\u2019air plus jeune et plus beau, mais je ne parviens pas \u00e0 comprendre ce qui a chang\u00e9. \u00bb<\/p>\n\t\t\n<style>\n#text-299205091 {\n  color: rgb(0,0,0);\n}\n#text-299205091 > * {\n  color: rgb(0,0,0);\n}\n<\/style>\n\t<\/div>\n\t\n\t\t<\/div>\n\t\t\t\t\n<style>\n#col-1639000888 > .col-inner {\n  padding: 20px 20px 10px 20px;\n}\n<\/style>\n\t<\/div>\n\n\t\n\n\t<div id=\"col-867599453\" class=\"col anasayfa-yorum medium-4 small-12 large-4\"  >\n\t\t\t\t<div class=\"col-inner box-shadow-2\"  >\n\t\t\t\n\t\t\t\n\t<div id=\"text-4015535563\" class=\"text\">\n\t\t\n<p><span style=\"font-size: 130%;\"><strong>G\u00f6k\u00e7e Ay<\/strong><\/span><\/p>\n<p>Je ne remercierai jamais assez le Dr. Alev et son \u00e9quipe ! Pendant tout le processus de ma rhinoplastie, leur soin, compr\u00e9hension, gentillesse et professionnalisme m\u2019ont toujours mise en confiance. Le r\u00e9sultat a d\u00e9pass\u00e9 mes attentes : c\u2019est tellement naturel et \u00e7a me va parfaitement&#8230;<\/p>\n\t\t\n<style>\n#text-4015535563 {\n  color: rgb(0,0,0);\n}\n#text-4015535563 > * {\n  color: rgb(0,0,0);\n}\n<\/style>\n\t<\/div>\n\t\n\t\t<\/div>\n\t\t\t\t\n<style>\n#col-867599453 > .col-inner {\n  padding: 20px 20px 10px 20px;\n}\n<\/style>\n\t<\/div>\n\n\t\n\n\t<div id=\"col-1355601964\" class=\"col anasayfa-yorum medium-4 small-12 large-4\"  >\n\t\t\t\t<div class=\"col-inner box-shadow-2\"  >\n\t\t\t\n\t\t\t\n\t<div id=\"text-1459673023\" class=\"text\">\n\t\t\n<p><span style=\"font-size: 130%;\"><strong>Irmak<\/strong><\/span><\/p>\n<p>Cela fait un mois que j\u2019ai eu ma rhinoplastie, et je suis tellement contente d\u2019avoir choisi le Dr. Alev et son \u00e9quipe. J\u2019adore mon nez : il est \u00e0 la fois naturel et exactement comme je le voulais. Tout le monde autour de moi l\u2019adore aussi. Je suis absolument ravie du r\u00e9sultat. Le Dr. Alev et son \u00e9quipe sont des experts dans leur domaine&#8230;<\/p>\n\t\t\n<style>\n#text-1459673023 {\n  color: rgb(0,0,0);\n}\n#text-1459673023 > * {\n  color: rgb(0,0,0);\n}\n<\/style>\n\t<\/div>\n\t\n\t\t<\/div>\n\t\t\t\t\n<style>\n#col-1355601964 > .col-inner {\n  padding: 20px 20px 10px 20px;\n}\n<\/style>\n\t<\/div>\n\n\t\n\n\t<div id=\"col-1681435861\" class=\"col anasayfa-yorum medium-4 small-12 large-4\"  >\n\t\t\t\t<div class=\"col-inner box-shadow-2\"  >\n\t\t\t\n\t\t\t\n\t<div id=\"text-2220175279\" class=\"text\">\n\t\t\n<p><span style=\"font-size: 130%;\"><strong>Tu\u011f\u00e7e O\u011fuz<\/strong><\/span><\/p>\n<p>Il y a environ sept mois, j\u2019ai subi une op\u00e9ration avec le Dr. Alev. J\u2019avais une structure nasale tr\u00e8s complexe et j\u2019avais fait des recherches pendant longtemps. Apr\u00e8s avoir rencontr\u00e9 le Dr. Alev, son professionnalisme m\u2019a tellement rassur\u00e9e que je n\u2019ai m\u00eame pas envisag\u00e9 un autre m\u00e9decin&#8230;<\/p>\n\t\t\n<style>\n#text-2220175279 {\n  color: rgb(0,0,0);\n}\n#text-2220175279 > * {\n  color: rgb(0,0,0);\n}\n<\/style>\n\t<\/div>\n\t\n\t\t<\/div>\n\t\t\t\t\n<style>\n#col-1681435861 > .col-inner {\n  padding: 20px 20px 10px 20px;\n}\n<\/style>\n\t<\/div>\n\n\t\n\n\t<div id=\"col-858572810\" class=\"col anasayfa-yorum medium-4 small-12 large-4\"  >\n\t\t\t\t<div class=\"col-inner box-shadow-2\"  >\n\t\t\t\n\t\t\t\n\t<div id=\"text-172120748\" class=\"text\">\n\t\t\n<p><span style=\"font-size: 130%;\"><strong>Zehra Nur \u00dcnver<\/strong><\/span><\/p>\n<p>J\u2019ai \u00e9t\u00e9 op\u00e9r\u00e9e par le Dr. Alev il y a environ trois mois. J\u2019ai obtenu le nez exact que je souhaitais : \u00e0 la fois naturel et tr\u00e8s beau. La confiance et la bienveillance du Dr. Alev m\u2019ont mise \u00e0 l\u2019aise tout au long du processus&#8230;<\/p>\n\t\t\n<style>\n#text-172120748 {\n  color: rgb(0,0,0);\n}\n#text-172120748 > * {\n  color: rgb(0,0,0);\n}\n<\/style>\n\t<\/div>\n\t\n\t\t<\/div>\n\t\t\t\t\n<style>\n#col-858572810 > .col-inner {\n  padding: 20px 20px 10px 20px;\n}\n<\/style>\n\t<\/div>\n\n\t\n\n\t<div id=\"col-540450668\" class=\"col anasayfa-yorum medium-4 small-12 large-4\"  >\n\t\t\t\t<div class=\"col-inner box-shadow-2\"  >\n\t\t\t\n\t\t\t\n\t<div id=\"text-1407464426\" class=\"text\">\n\t\t\n<p><span style=\"font-size: 130%;\"><strong>Selen Acar<\/strong><\/span><\/p>\n<p>Lors de mon premier rendez-vous avec le Dr. Alev, nous avons planifi\u00e9 mon op\u00e9ration. Tout ce qu\u2019il m\u2019a expliqu\u00e9 concernant le processus s\u2019est av\u00e9r\u00e9 exact. J\u2019ai v\u00e9cu une exp\u00e9rience fluide et agr\u00e9able. Maintenant, je peux respirer confortablement et j\u2019ai un nez d\u2019apparence tr\u00e8s naturelle. Je suis tellement heureuse. Merci au Dr. Alev et \u00e0 son \u00e9quipe. \ud83d\ude42<\/p>\n\t\t\n<style>\n#text-1407464426 {\n  color: rgb(0,0,0);\n}\n#text-1407464426 > * {\n  color: rgb(0,0,0);\n}\n<\/style>\n\t<\/div>\n\t\n\t\t<\/div>\n\t\t\t\t\n<style>\n#col-540450668 > .col-inner {\n  padding: 20px 20px 10px 20px;\n}\n<\/style>\n\t<\/div>\n\n\t\n\n\t<div id=\"col-991260670\" class=\"col anasayfa-yorum medium-4 small-12 large-4\"  >\n\t\t\t\t<div class=\"col-inner box-shadow-2\"  >\n\t\t\t\n\t\t\t\n\t<div id=\"text-935428876\" class=\"text\">\n\t\t\n<p><span style=\"font-size: 130%;\"><strong>Selda Ac\u0131man<\/strong><\/span><\/p>\n<p>J\u2019ai consult\u00e9 le Dr. Alev en raison de graves probl\u00e8mes respiratoires et d\u2019une forte d\u00e9viation nasale. Depuis le premier rendez-vous jusqu\u2019\u00e0 la chirurgie et m\u00eame pendant une ann\u00e9e enti\u00e8re de suivis, le Dr. Alev et toute son \u00e9quipe ont \u00e9t\u00e9 incroyablement attentifs et soutenants&#8230;<\/p>\n\t\t\n<style>\n#text-935428876 {\n  color: rgb(0,0,0);\n}\n#text-935428876 > * {\n  color: rgb(0,0,0);\n}\n<\/style>\n\t<\/div>\n\t\n\t\t<\/div>\n\t\t\t\t\n<style>\n#col-991260670 > .col-inner {\n  padding: 20px 20px 10px 20px;\n}\n<\/style>\n\t<\/div>\n\n\t\n\n\t<div id=\"col-1312080885\" class=\"col anasayfa-yorum medium-4 small-12 large-4\"  >\n\t\t\t\t<div class=\"col-inner box-shadow-2\"  >\n\t\t\t\n\t\t\t\n\t<div id=\"text-4275129864\" class=\"text\">\n\t\t\n<p><span style=\"font-size: 130%;\"><strong>Sibel As\u0131r<\/strong><\/span><\/p>\n<p>Il y a huit mois, j\u2019ai subi une rhinoplastie de r\u00e9vision avec le Dr. Alev. Sa confiance, ses explications d\u00e9taill\u00e9es sur l\u2019op\u00e9ration et son professionnalisme ont r\u00e9pondu \u00e0 toutes mes pr\u00e9occupations et m\u2019ont mise en confiance. Il a expliqu\u00e9 chaque d\u00e9tail avant et apr\u00e8s l\u2019op\u00e9ration&#8230;<\/p>\n\t\t\n<style>\n#text-4275129864 {\n  color: rgb(0,0,0);\n}\n#text-4275129864 > * {\n  color: rgb(0,0,0);\n}\n<\/style>\n\t<\/div>\n\t\n\t\t<\/div>\n\t\t\t\t\n<style>\n#col-1312080885 > .col-inner {\n  padding: 20px 20px 10px 20px;\n}\n<\/style>\n\t<\/div>\n\n\t\n\n\t<div id=\"col-107828353\" class=\"col anasayfa-yorum medium-4 small-12 large-4\"  >\n\t\t\t\t<div class=\"col-inner box-shadow-2\"  >\n\t\t\t\n\t\t\t\n\t<div id=\"text-2923267587\" class=\"text\">\n\t\t\n<p><span style=\"font-size: 130%;\"><strong>Ajda Aktunal\u0131<\/strong><\/span><\/p>\n<p>Pendant des ann\u00e9es, j\u2019ai h\u00e9sit\u00e9 \u00e0 faire une rhinoplastie en raison de nombreux doutes dans mon esprit. Cependant, rencontrer le Dr. Alev a tout chang\u00e9 positivement. Mes deux priorit\u00e9s \u00e9taient un nez naturel qui correspond \u00e0 mon visage et une bonne respiration&#8230;<\/p>\n\t\t\n<style>\n#text-2923267587 {\n  color: rgb(0,0,0);\n}\n#text-2923267587 > * {\n  color: rgb(0,0,0);\n}\n<\/style>\n\t<\/div>\n\t\n\t\t<\/div>\n\t\t\t\t\n<style>\n#col-107828353 > .col-inner {\n  padding: 20px 20px 10px 20px;\n}\n<\/style>\n\t<\/div>\n\n\t\n\n\t<div id=\"col-1537376394\" class=\"col anasayfa-yorum medium-4 small-12 large-4\"  >\n\t\t\t\t<div class=\"col-inner box-shadow-2\"  >\n\t\t\t\n\t\t\t\n\t<div id=\"text-755980480\" class=\"text\">\n\t\t\n<p><span style=\"font-size: 130%;\"><strong>Sou<\/strong><\/span><\/p>\n<p>Ce qui m\u2019a le plus impressionn\u00e9 chez le Dr. Alev, c\u2019est sa capacit\u00e9 \u00e0 comprendre vos besoins et \u00e0 offrir des r\u00e9sultats pr\u00e9cis avec grand soin. La chirurgie a \u00e9t\u00e9 indolore, avec tr\u00e8s peu de bleus. Son \u00e9quipe \u00e9tait \u00e9galement tr\u00e8s attentive et sensible&#8230;<\/p>\n\t\t\n<style>\n#text-755980480 {\n  color: rgb(0,0,0);\n}\n#text-755980480 > * {\n  color: rgb(0,0,0);\n}\n<\/style>\n\t<\/div>\n\t\n\t\t<\/div>\n\t\t\t\t\n<style>\n#col-1537376394 > .col-inner {\n  padding: 20px 20px 10px 20px;\n}\n<\/style>\n\t<\/div>\n\n\t\n\n\t<div id=\"col-577181574\" class=\"col anasayfa-yorum medium-4 small-12 large-4\"  >\n\t\t\t\t<div class=\"col-inner box-shadow-2\"  >\n\t\t\t\n\t\t\t\n\t<div id=\"text-1882075766\" class=\"text\">\n\t\t\n<p><span style=\"font-size: 130%;\"><strong>Gizem Alt\u0131nta\u015f<\/strong><\/span><\/p>\n<p>J\u2019ai \u00e9t\u00e9 op\u00e9r\u00e9e par lui il y a six mois, et je suis tr\u00e8s satisfaite du r\u00e9sultat. Mon nez semble tr\u00e8s naturel et beau. Le travail du Dr. Alev est exceptionnel \ud83e\uddff. Je le remercie sinc\u00e8rement ainsi que son \u00e9quipe. M\u00eame avant l\u2019op\u00e9ration, il a tout expliqu\u00e9 si bien&#8230;<\/p>\n\t\t\n<style>\n#text-1882075766 {\n  color: rgb(0,0,0);\n}\n#text-1882075766 > * {\n  color: rgb(0,0,0);\n}\n<\/style>\n\t<\/div>\n\t\n\t\t<\/div>\n\t\t\t\t\n<style>\n#col-577181574 > .col-inner {\n  padding: 20px 20px 10px 20px;\n}\n<\/style>\n\t<\/div>\n\n\t\n<\/div>\n\t\t<\/div>\n\n\t\t\n<style>\n#section_390625070 {\n  padding-top: 30px;\n  padding-bottom: 30px;\n}\n<\/style>\n\t<\/section>\n\t\n","protected":false},"excerpt":{"rendered":"","protected":false},"author":990002,"featured_media":0,"parent":1730,"menu_order":0,"comment_status":"closed","ping_status":"closed","template":"page-blank.php","meta":{"footnotes":""},"class_list":["post-7271","page","type-page","status-publish","hentry"],"_links":{"self":[{"href":"https:\/\/www.alevcamcioglu.com\/fr\/wp-json\/wp\/v2\/pages\/7271","targetHints":{"allow":["GET"]}}],"collection":[{"href":"https:\/\/www.alevcamcioglu.com\/fr\/wp-json\/wp\/v2\/pages"}],"about":[{"href":"https:\/\/www.alevcamcioglu.com\/fr\/wp-json\/wp\/v2\/types\/page"}],"author":[{"embeddable":true,"href":"https:\/\/www.alevcamcioglu.com\/fr\/wp-json\/wp\/v2\/users\/990002"}],"replies":[{"embeddable":true,"href":"https:\/\/www.alevcamcioglu.com\/fr\/wp-json\/wp\/v2\/comments?post=7271"}],"version-history":[{"count":2,"href":"https:\/\/www.alevcamcioglu.com\/fr\/wp-json\/wp\/v2\/pages\/7271\/revisions"}],"predecessor-version":[{"id":7275,"href":"https:\/\/www.alevcamcioglu.com\/fr\/wp-json\/wp\/v2\/pages\/7271\/revisions\/7275"}],"up":[{"embeddable":true,"href":"https:\/\/www.alevcamcioglu.com\/fr\/wp-json\/wp\/v2\/pages\/1730"}],"wp:attachment":[{"href":"https:\/\/www.alevcamcioglu.com\/fr\/wp-json\/wp\/v2\/media?parent=7271"}],"curies":[{"name":"wp","href":"https:\/\/api.w.org\/{rel}","templated":true}]}}