{"id":1425,"date":"2018-02-01T11:01:08","date_gmt":"2018-02-01T08:01:08","guid":{"rendered":"https:\/\/great-greider.212-227-6-40.plesk.page\/hakkinda\/"},"modified":"2025-11-10T11:44:40","modified_gmt":"2025-11-10T08:44:40","slug":"about","status":"publish","type":"page","link":"https:\/\/www.alevcamcioglu.com\/en\/about\/","title":{"rendered":"About"},"content":{"rendered":"<div class=\"container section-title-container\" ><h1 class=\"section-title section-title-normal\"><b aria-hidden=\"true\"><\/b><span class=\"section-title-main\" >Who is Op. Dr. Alev Camc\u0131o\u011flu?<\/span><b aria-hidden=\"true\"><\/b><\/h1><\/div>\n<div class=\"row\"  id=\"row-178378079\">\n\n\t<div id=\"col-1522560470\" class=\"col medium-6 small-12 large-6\"  >\n\t\t\t\t<div class=\"col-inner\"  >\n\t\t\t\n\t\t\t\n\t<div class=\"img has-hover x md-x lg-x y md-y lg-y\" id=\"image_228002881\">\n\t\t\t\t\t\t\t\t<div class=\"img-inner dark\" >\n\t\t\t<img decoding=\"async\" width=\"600\" height=\"400\" src=\"https:\/\/www.alevcamcioglu.com\/wp-content\/uploads\/2024\/02\/DSC00567-600x400-1.jpg\" class=\"attachment-large size-large\" alt=\"\" srcset=\"https:\/\/www.alevcamcioglu.com\/wp-content\/uploads\/2024\/02\/DSC00567-600x400-1.jpg 600w, https:\/\/www.alevcamcioglu.com\/wp-content\/uploads\/2024\/02\/DSC00567-600x400-1-300x200.jpg 300w, https:\/\/www.alevcamcioglu.com\/wp-content\/uploads\/2024\/02\/DSC00567-600x400-1-370x247.jpg 370w\" sizes=\"(max-width: 600px) 100vw, 600px\" title=\"\">\t\t\t\t\t\t\n\t\t\t\t\t<\/div>\n\t\t\t\t\t\t\t\t\n<style>\n#image_228002881 {\n  width: 100%;\n}\n<\/style>\n\t<\/div>\n\t\n\t\t<\/div>\n\t\t\t\t\t<\/div>\n\n\t\n\n\t<div id=\"col-1453655501\" class=\"col medium-6 small-12 large-6\"  >\n\t\t\t\t<div class=\"col-inner\"  >\n\t\t\t\n\t\t\t\n<p><span style=\"font-weight: 400;\">Born in 1975 in K\u0131rklareli (K\u0131rcaali), <\/span><b>Op. Dr. Alev Camc\u0131o\u011flu<\/b><span style=\"font-weight: 400;\"> completed his primary and secondary education at <\/span><b>Saint Michel French High School<\/b><span style=\"font-weight: 400;\">. He graduated from <\/span><b>Kocaeli University Faculty of Medicine<\/b><span style=\"font-weight: 400;\"> in 2001 with the title of \u201cMedical Doctor.\u201d In <\/span><b>2008, he successfully completed his residency in Otolaryngology \u2013 Head and Neck Surgery<\/b><span style=\"font-weight: 400;\"> at the same university.<\/span><\/p>\n<p><span style=\"font-weight: 400;\">After residency, he fulfilled his mandatory service in <\/span><b>Hakkari, Kocaeli, and Mu\u015f\u2013Varto<\/b><span style=\"font-weight: 400;\">, and completed his military duty at the <\/span><b>Special Medical Dispensary of the Turkish General Staff<\/b><span style=\"font-weight: 400;\">. He then strengthened his clinical experience at <\/span><b>\u0130stanbul Hospital<\/b><span style=\"font-weight: 400;\"> and <\/span><b>Ni\u015fanta\u015f\u0131 Hospitals<\/b><span style=\"font-weight: 400;\">.<\/span><\/p>\n<p><span style=\"font-weight: 400;\">Since 2016, he has been providing care in <\/span><b>his private practice in Istanbul<\/b><span style=\"font-weight: 400;\">, focusing on aesthetic and functional nasal surgery.<\/span><\/p>\n\t\t<\/div>\n\t\t\t\t\n<style>\n#col-1453655501 > .col-inner {\n  margin: 0px 0px -30px 0px;\n}\n<\/style>\n\t<\/div>\n\n\t\n\n\t<div id=\"col-628419662\" class=\"col small-12 large-12\"  >\n\t\t\t\t<div class=\"col-inner\"  >\n\t\t\t\n\t\t\t\n<h2><b>Areas of Expertise and Key Procedures<\/b><\/h2>\n<p><span style=\"font-weight: 400;\">Op. Dr. Alev Camc\u0131o\u011flu is known for <\/span><b>rhinoplasty (nose aesthetics)<\/b><span style=\"font-weight: 400;\"> that harmonizes natural appearance, functional balance, and facial aesthetics through personalized surgical planning. He prioritizes preservation of nasal function alongside cosmetic goals.<\/span><\/p>\n<p><b>Frequently Performed Procedures:<\/b><\/p>\n<ul>\n<li style=\"font-weight: 400;\" aria-level=\"1\"><span style=\"font-weight: 400;\">Open Rhinoplasty<\/span><\/li>\n<li style=\"font-weight: 400;\" aria-level=\"1\"><span style=\"font-weight: 400;\">Revision Rhinoplasty<\/span><\/li>\n<li style=\"font-weight: 400;\" aria-level=\"1\"><span style=\"font-weight: 400;\">Alar Reduction (Nostril and Alar Base Narrowing)<\/span><\/li>\n<li style=\"font-weight: 400;\" aria-level=\"1\"><span style=\"font-weight: 400;\">Tip Plasty (Nasal Tip Aesthetics)<\/span><\/li>\n<li style=\"font-weight: 400;\" aria-level=\"1\"><span style=\"font-weight: 400;\">Natural-Looking Rhinoplasty<\/span><\/li>\n<li style=\"font-weight: 400;\" aria-level=\"1\"><span style=\"font-weight: 400;\">Functional Rhinoplasty<\/span><\/li>\n<li style=\"font-weight: 400;\" aria-level=\"1\"><span style=\"font-weight: 400;\">Male Rhinoplasty<\/span><\/li>\n<li style=\"font-weight: 400;\" aria-level=\"1\"><span style=\"font-weight: 400;\">Wide-Nose Rhinoplasty<\/span><\/li>\n<li style=\"font-weight: 400;\" aria-level=\"1\"><span style=\"font-weight: 400;\">Thick-Skinned Rhinoplasty<\/span><\/li>\n<li style=\"font-weight: 400;\" aria-level=\"1\"><span style=\"font-weight: 400;\">Fractured Nose Surgery<\/span><\/li>\n<li style=\"font-weight: 400;\" aria-level=\"1\"><span style=\"font-weight: 400;\">Septorhinoplasty<\/span><\/li>\n<li style=\"font-weight: 400;\" aria-level=\"1\"><span style=\"font-weight: 400;\">Ethnic Rhinoplasty<\/span><\/li>\n<li style=\"font-weight: 400;\" aria-level=\"1\"><span style=\"font-weight: 400;\">Humped-Nose Rhinoplasty<\/span><\/li>\n<li style=\"font-weight: 400;\" aria-level=\"1\"><span style=\"font-weight: 400;\">Septoplasty<\/span><\/li>\n<li style=\"font-weight: 400;\" aria-level=\"1\"><span style=\"font-weight: 400;\">Hokka, \u201cF\u0131nd\u0131k,\u201d and Barbie Nose Aesthetics<\/span><\/li>\n<li style=\"font-weight: 400;\" aria-level=\"1\"><span style=\"font-weight: 400;\">Nasal Tip Elevation<\/span><\/li>\n<li style=\"font-weight: 400;\" aria-level=\"1\"><span style=\"font-weight: 400;\">Deviation Surgery<\/span><\/li>\n<li style=\"font-weight: 400;\" aria-level=\"1\"><span style=\"font-weight: 400;\">Piezo (Ultrasonic) Rhinoplasty<\/span><\/li>\n<li style=\"font-weight: 400;\" aria-level=\"1\"><span style=\"font-weight: 400;\">Curved-Nose Correction and Nasal Smoothing<\/span><\/li>\n<\/ul>\n<h2><b>Experience and Approach<\/b><\/h2>\n<p><span style=\"font-weight: 400;\">He conducts a detailed analysis of each patient\u2019s facial structure, skin thickness, and airway function to create a <\/span><b>personalized rhinoplasty plan<\/b><span style=\"font-weight: 400;\">. Throughout the surgical journey, he prioritizes preservation of natural breathing as well as aesthetics.<\/span><\/p>\n<p><span style=\"font-weight: 400;\">He prefers modern techniques such as <\/span><b>Piezo ultrasonic technology<\/b><span style=\"font-weight: 400;\"> to achieve rapid recovery and natural outcomes with minimal tissue trauma. His evidence-based, ethical, and patient-centered approach makes him a trusted physician.<\/span><\/p>\n<h2><b>Memberships and Academic Contributions<\/b><\/h2>\n<ul>\n<li style=\"font-weight: 400;\" aria-level=\"1\"><span style=\"font-weight: 400;\">Turkish Society of Otolaryngology \u2013 Head and Neck Surgery<\/span><\/li>\n<li style=\"font-weight: 400;\" aria-level=\"1\"><span style=\"font-weight: 400;\">Turkish Rhinology Society<\/span><\/li>\n<li style=\"font-weight: 400;\" aria-level=\"1\"><span style=\"font-weight: 400;\">European Rhinologic Society (ERS)<\/span><\/li>\n<\/ul&#093;\n\n\n<\/p>\n\t\t<\/div>\n\t\t\t\t\t<\/div>\n\n\t\n<\/div>\n<div><iframe src=\"https:\/\/www.google.com\/maps\/embed?pb=!1m14!1m8!1m3!1d6017.313393365514!2d28.998844!3d41.054636!3m2!1i1024!2i768!4f13.1!3m3!1m2!1s0x14cabb5b6d477697%3A0x8db615b1347f86bf!2sOp.%20Dr.%20Alev%20Camc%C4%B1o%C4%9Flu%20%7C%20Burun%20Esteti%C4%9Fi%20%2C%20Rinoplasti!5e0!3m2!1sen!2sus!4v1728645212774!5m2!1sen!2sus\" width=\"100%\" height=\"200\" style=\"border:0;\" allowfullscreen=\"\" loading=\"lazy\" referrerpolicy=\"no-referrer-when-downgrade\"><\/iframe><\/div>\n","protected":false},"excerpt":{"rendered":"","protected":false},"author":1,"featured_media":0,"parent":0,"menu_order":0,"comment_status":"closed","ping_status":"closed","template":"page-blank.php","meta":{"footnotes":""},"class_list":["post-1425","page","type-page","status-publish","hentry"],"_links":{"self":[{"href":"https:\/\/www.alevcamcioglu.com\/en\/wp-json\/wp\/v2\/pages\/1425","targetHints":{"allow":["GET"]}}],"collection":[{"href":"https:\/\/www.alevcamcioglu.com\/en\/wp-json\/wp\/v2\/pages"}],"about":[{"href":"https:\/\/www.alevcamcioglu.com\/en\/wp-json\/wp\/v2\/types\/page"}],"author":[{"embeddable":true,"href":"https:\/\/www.alevcamcioglu.com\/en\/wp-json\/wp\/v2\/users\/1"}],"replies":[{"embeddable":true,"href":"https:\/\/www.alevcamcioglu.com\/en\/wp-json\/wp\/v2\/comments?post=1425"}],"version-history":[{"count":2,"href":"https:\/\/www.alevcamcioglu.com\/en\/wp-json\/wp\/v2\/pages\/1425\/revisions"}],"predecessor-version":[{"id":11392,"href":"https:\/\/www.alevcamcioglu.com\/en\/wp-json\/wp\/v2\/pages\/1425\/revisions\/11392"}],"wp:attachment":[{"href":"https:\/\/www.alevcamcioglu.com\/en\/wp-json\/wp\/v2\/media?parent=1425"}],"curies":[{"name":"wp","href":"https:\/\/api.w.org\/{rel}","templated":true}]}}