{"id":7277,"date":"2024-11-27T12:18:46","date_gmt":"2024-11-27T12:18:46","guid":{"rendered":"https:\/\/www.alevcamcioglu.com\/?page_id=7277"},"modified":"2024-11-27T13:33:28","modified_gmt":"2024-11-27T13:33:28","slug":"kommentare","status":"publish","type":"page","link":"https:\/\/www.alevcamcioglu.com\/de\/ueber\/kommentare\/","title":{"rendered":"Kommentare"},"content":{"rendered":"\n\t<section class=\"section\" id=\"section_1671682537\">\n\t\t<div class=\"section-bg fill\" >\n\t\t\t\t\t\t\t\t\t\n\t\t\t\n\n\t\t<\/div>\n\n\t\t\n\n\t\t<div class=\"section-content relative\">\n\t\t\t\n  <div id=\"page-header-1514645265\" class=\"page-header-wrapper\">\n  <div class=\"page-title dark simple-title\">\n\n    \n    <div class=\"page-title-inner container align-top flex-row medium-flex-wrap\" >\n              <div class=\"title-wrapper flex-col text-left medium-text-center\">\n          <h1 class=\"entry-title mb-0\">\n            Kommentare          <\/h1>\n        <\/div>\n                    <div class=\"title-content flex-col flex-right text-right medium-text-center\">\n        <div class=\"title-breadcrumbs pb-half pt-half\"><\/div>      <\/div>\n    <\/div>\n\n       <\/div>\n    <\/div>\n  \n\t\t<\/div>\n\n\t\t\n<style>\n#section_1671682537 {\n  padding-top: 30px;\n  padding-bottom: 30px;\n  background-color: #2b0062;\n}\n<\/style>\n\t<\/section>\n\t\n\n\t<section class=\"section\" id=\"section_481373789\">\n\t\t<div class=\"section-bg fill\" >\n\t\t\t\t\t\t\t\t\t\n\t\t\t\n\n\t\t<\/div>\n\n\t\t\n\n\t\t<div class=\"section-content relative\">\n\t\t\t\n<div class=\"row align-equal\"  id=\"row-1512123768\">\n\n\t<div id=\"col-504935650\" class=\"col anasayfa-yorum medium-4 small-12 large-4\"  >\n\t\t\t\t<div class=\"col-inner box-shadow-2\"  >\n\t\t\t\n\t\t\t\n\t<div id=\"text-919691448\" class=\"text\">\n\t\t\n<p><span style=\"font-size: 130%;\"><strong>Elif Nur Y\u0131ld\u0131z<\/strong><\/span><\/p>\n<p>Wir m\u00f6chten Dr. Alev Camc\u0131o\u011flu unendlich danken f\u00fcr die F\u00fcrsorge und Professionalit\u00e4t, die er w\u00e4hrend unserer Nasenkorrektur gezeigt hat. Er hat geduldig all unsere Fragen vor und nach der Operation beantwortet und uns in jeder Phase informiert&#8230;<br \/>\n\t\t\n<style>\n#text-919691448 {\n  color: rgb(0,0,0);\n}\n#text-919691448 > * {\n  color: rgb(0,0,0);\n}\n<\/style>\n\t<\/div>\n\t\n\t\t<\/div>\n\t\t\t\t\n<style>\n#col-504935650 > .col-inner {\n  padding: 20px 20px 10px 20px;\n}\n<\/style>\n\t<\/div>\n\n\t\n\n\t<div id=\"col-73091275\" class=\"col anasayfa-yorum medium-4 small-12 large-4\"  >\n\t\t\t\t<div class=\"col-inner box-shadow-2\"  >\n\t\t\t\n\t\t\t\n\t<div id=\"text-1286868932\" class=\"text\">\n\t\t\n<p><span style=\"font-size: 130%;\"><strong>Pekcan Ertem<\/strong><\/span><\/p>\n<p>Dr. Alev ist ein au\u00dfergew\u00f6hnlicher Arzt, der seine Arbeit makellos ausf\u00fchrt. Er hat eine Revision-Operation f\u00fcr meinen Bruder durchgef\u00fchrt, und mein Bruder hat jetzt eine Nase, die perfekt zu seinem Gesicht passt. Vor einem Monat hatte ich auch eine Operation gegen Schnarchen, einschlie\u00dflich einer Uvula-Reduktion und einer Nasenkorrektur&#8230;<br \/>\n\t\t\n<style>\n#text-1286868932 {\n  color: rgb(0,0,0);\n}\n#text-1286868932 > * {\n  color: rgb(0,0,0);\n}\n<\/style>\n\t<\/div>\n\t\n\t\t<\/div>\n\t\t\t\t\n<style>\n#col-73091275 > .col-inner {\n  padding: 20px 20px 10px 20px;\n}\n<\/style>\n\t<\/div>\n\n\t\n\n\t<div id=\"col-2052154220\" class=\"col anasayfa-yorum medium-4 small-12 large-4\"  >\n\t\t\t\t<div class=\"col-inner box-shadow-2\"  >\n\t\t\t\n\t\t\t\n\t<div id=\"text-2308424855\" class=\"text\">\n\t\t\n<p><span style=\"font-size: 130%;\"><strong>Serpil K\u0131l\u0131\u00e7aslan<\/strong><\/span><\/p>\n<p>Dank Dr. Alev kann ich jetzt atmen und habe eine sch\u00f6ne Nase dank der funktionalen Nasenkorrektur. Als HNO-Spezialist, der auch hervorragende langfristige \u00e4sthetische Ergebnisse bietet, war er die perfekte Wahl f\u00fcr mich&#8230;<\/p>\n\t\t\n<style>\n#text-2308424855 {\n  color: rgb(0,0,0);\n}\n#text-2308424855 > * {\n  color: rgb(0,0,0);\n}\n<\/style>\n\t<\/div>\n\t\n\t\t<\/div>\n\t\t\t\t\n<style>\n#col-2052154220 > .col-inner {\n  padding: 20px 20px 10px 20px;\n}\n<\/style>\n\t<\/div>\n\n\t\n\n\t<div id=\"col-571179275\" class=\"col anasayfa-yorum medium-4 small-12 large-4\"  >\n\t\t\t\t<div class=\"col-inner box-shadow-2\"  >\n\t\t\t\n\t\t\t\n\t<div id=\"text-1666261329\" class=\"text\">\n\t\t\n<p><span style=\"font-size: 130%;\"><strong>\u00d6zg\u00fcn Mert<\/strong><\/span><\/p>\n<p>Nach ausf\u00fchrlicher Recherche traf ich Dr. Alev f\u00fcr meine Nasenkorrektur. Als ich seine Arbeit sah und mit ihm sprach, f\u00fchlte ich mich v\u00f6llig sicher. Ich bin so froh, dass ich ihm vertraut habe; meine Nase ist sogar besser geworden, als ich es mir vorgestellt habe. Es ist so&#8230;<\/p>\n\t\t\n<style>\n#text-1666261329 {\n  color: rgb(0,0,0);\n}\n#text-1666261329 > * {\n  color: rgb(0,0,0);\n}\n<\/style>\n\t<\/div>\n\t\n\t\t<\/div>\n\t\t\t\t\n<style>\n#col-571179275 > .col-inner {\n  padding: 20px 20px 10px 20px;\n}\n<\/style>\n\t<\/div>\n\n\t\n\n\t<div id=\"col-411948082\" class=\"col anasayfa-yorum medium-4 small-12 large-4\"  >\n\t\t\t\t<div class=\"col-inner box-shadow-2\"  >\n\t\t\t\n\t\t\t\n\t<div id=\"text-3427584371\" class=\"text\">\n\t\t\n<p><span style=\"font-size: 130%;\"><strong>Brk A.<\/strong><\/span><\/p>\n<p>Ich wurde im Februar 2024 operiert und bin extrem zufrieden mit dem Prozess und dem Ergebnis. Selbst Freunde, die verschiedene kosmetische Eingriffe hatten, sagten Dinge wie: \u201eDu siehst j\u00fcnger und attraktiver aus, aber ich kann nicht erkennen, was sich ver\u00e4ndert hat.\u201c<\/p>\n\t\t\n<style>\n#text-3427584371 {\n  color: rgb(0,0,0);\n}\n#text-3427584371 > * {\n  color: rgb(0,0,0);\n}\n<\/style>\n\t<\/div>\n\t\n\t\t<\/div>\n\t\t\t\t\n<style>\n#col-411948082 > .col-inner {\n  padding: 20px 20px 10px 20px;\n}\n<\/style>\n\t<\/div>\n\n\t\n\n\t<div id=\"col-660802115\" class=\"col anasayfa-yorum medium-4 small-12 large-4\"  >\n\t\t\t\t<div class=\"col-inner box-shadow-2\"  >\n\t\t\t\n\t\t\t\n\t<div id=\"text-2571766365\" class=\"text\">\n\t\t\n<p><span style=\"font-size: 130%;\"><strong>G\u00f6k\u00e7e Ay<\/strong><\/span><\/p>\n<p>Ich kann Dr. Alev und seinem Team nicht genug danken! W\u00e4hrend des Prozesses meiner Nasenkorrektur gaben mir ihre F\u00fcrsorge, ihr Verst\u00e4ndnis, ihre Freundlichkeit und Professionalit\u00e4t jederzeit ein sicheres Gef\u00fchl. Das Ergebnis hat meine&#8230;<\/p>\n<p><\/ux_text><\/p>\n\t\t\n<style>\n#text-2571766365 {\n  color: rgb(0,0,0);\n}\n#text-2571766365 > * {\n  color: rgb(0,0,0);\n}\n<\/style>\n\t<\/div>\n\t\n\t\t<\/div>\n\t\t\t\t\n<style>\n#col-660802115 > .col-inner {\n  padding: 20px 20px 10px 20px;\n}\n<\/style>\n\t<\/div>\n\n\t\n\n\t<div id=\"col-785245998\" class=\"col anasayfa-yorum medium-4 small-12 large-4\"  >\n\t\t\t\t<div class=\"col-inner box-shadow-2\"  >\n\t\t\t\n\t\t\t\n\t<div id=\"text-1197806393\" class=\"text\">\n\t\t\n<p><span style=\"font-size: 130%;\"><strong>Irmak<\/strong><\/span><\/p>\n<p>Es ist ein Monat seit meiner Nasenkorrektur vergangen und ich bin so froh, dass ich mich f\u00fcr Dr. Alev und sein Team entschieden habe. Ich liebe meine Nase \u2013 sie ist sowohl nat\u00fcrlich als auch genau so, wie ich es mir gew\u00fcnscht habe. Jeder in meiner Umgebung liebt sie auch. Ich bin absolut begeistert von dem Ergebnis. Dr. Alev und sein Team sind Experten auf ihrem Gebiet&#8230;<\/p>\n<p><\/ux_text><\/p>\n\t\t\n<style>\n#text-1197806393 {\n  color: rgb(0,0,0);\n}\n#text-1197806393 > * {\n  color: rgb(0,0,0);\n}\n<\/style>\n\t<\/div>\n\t\n\t\t<\/div>\n\t\t\t\t\n<style>\n#col-785245998 > .col-inner {\n  padding: 20px 20px 10px 20px;\n}\n<\/style>\n\t<\/div>\n\n\t\n\n\t<div id=\"col-870585149\" class=\"col anasayfa-yorum medium-4 small-12 large-4\"  >\n\t\t\t\t<div class=\"col-inner box-shadow-2\"  >\n\t\t\t\n\t\t\t\n\t<div id=\"text-288870451\" class=\"text\">\n\t\t\n<p><span style=\"font-size: 130%;\"><strong>Tu\u011f\u00e7e O\u011fuz<\/strong><\/span><\/p>\n<p>Vor etwa sieben Monaten wurde ich von Dr. Alev operiert. Ich hatte eine sehr schwierige Nasenstruktur und hatte lange recherchiert. Nach dem Treffen mit Dr. Alev gab mir seine Professionalit\u00e4t so viel Vertrauen, dass ich keinen anderen Arzt in Betracht zog&#8230;<\/p>\n<p><\/ux_text><\/p>\n\t\t\n<style>\n#text-288870451 {\n  color: rgb(0,0,0);\n}\n#text-288870451 > * {\n  color: rgb(0,0,0);\n}\n<\/style>\n\t<\/div>\n\t\n\t\t<\/div>\n\t\t\t\t\n<style>\n#col-870585149 > .col-inner {\n  padding: 20px 20px 10px 20px;\n}\n<\/style>\n\t<\/div>\n\n\t\n\n\t<div id=\"col-698080231\" class=\"col anasayfa-yorum medium-4 small-12 large-4\"  >\n\t\t\t\t<div class=\"col-inner box-shadow-2\"  >\n\t\t\t\n\t\t\t\n\t<div id=\"text-1820159485\" class=\"text\">\n\t\t\n<p><span style=\"font-size: 130%;\"><strong>Zehra Nur \u00dcnver<\/strong><\/span><\/p>\n<p>Ich wurde vor etwa drei Monaten von Dr. Alev operiert. Ich bekam genau die Nase, die ich wollte \u2013 sie ist sowohl nat\u00fcrlich als auch sehr sch\u00f6n. Das Vertrauen und die warme Art von Dr. Alev gaben mir w\u00e4hrend des gesamten Prozesses Sicherheit&#8230;<\/p>\n<p><\/ux_text><\/p>\n\t\t\n<style>\n#text-1820159485 {\n  color: rgb(0,0,0);\n}\n#text-1820159485 > * {\n  color: rgb(0,0,0);\n}\n<\/style>\n\t<\/div>\n\t\n\t\t<\/div>\n\t\t\t\t\n<style>\n#col-698080231 > .col-inner {\n  padding: 20px 20px 10px 20px;\n}\n<\/style>\n\t<\/div>\n\n\t\n\n\t<div id=\"col-598143387\" class=\"col anasayfa-yorum medium-4 small-12 large-4\"  >\n\t\t\t\t<div class=\"col-inner box-shadow-2\"  >\n\t\t\t\n\t\t\t\n\t<div id=\"text-1576637225\" class=\"text\">\n\t\t\n<p><span style=\"font-size: 130%;\"><strong>Selen Acar<\/strong><\/span><\/p>\n<p>Bei meinem ersten Termin mit Dr. Alev planten wir meine Operation. Alles, was er \u00fcber den Prozess erkl\u00e4rt hat, wurde wahr. Ich hatte eine reibungslose und angenehme Erfahrung. Jetzt kann ich bequem atmen und habe eine Nase, die sehr nat\u00fcrlich aussieht. Ich bin so gl\u00fccklich. Vielen Dank an Dr. Alev und sein Team. \ud83d\ude42<\/p>\n<p><\/ux_text><\/p>\n\t\t\n<style>\n#text-1576637225 {\n  color: rgb(0,0,0);\n}\n#text-1576637225 > * {\n  color: rgb(0,0,0);\n}\n<\/style>\n\t<\/div>\n\t\n\t\t<\/div>\n\t\t\t\t\n<style>\n#col-598143387 > .col-inner {\n  padding: 20px 20px 10px 20px;\n}\n<\/style>\n\t<\/div>\n\n\t\n\n\t<div id=\"col-966150994\" class=\"col anasayfa-yorum medium-4 small-12 large-4\"  >\n\t\t\t\t<div class=\"col-inner box-shadow-2\"  >\n\t\t\t\n\t\t\t\n\t<div id=\"text-715419794\" class=\"text\">\n\t\t\n<p><span style=\"font-size: 130%;\"><strong>Selda Ac\u0131man<\/strong><\/span><\/p>\n<p>Ich konsultierte Dr. Alev aufgrund schwerer Atemprobleme und starker Nasendeviation. Vom ersten Termin \u00fcber die Operation bis hin zu einem Jahr Nachsorge waren sowohl Dr. Alev als auch sein gesamtes Team unglaublich unterst\u00fctzend und aufmerksam&#8230;<\/p>\n<p><\/ux_text><\/p>\n\t\t\n<style>\n#text-715419794 {\n  color: rgb(0,0,0);\n}\n#text-715419794 > * {\n  color: rgb(0,0,0);\n}\n<\/style>\n\t<\/div>\n\t\n\t\t<\/div>\n\t\t\t\t\n<style>\n#col-966150994 > .col-inner {\n  padding: 20px 20px 10px 20px;\n}\n<\/style>\n\t<\/div>\n\n\t\n\n\t<div id=\"col-1863464278\" class=\"col anasayfa-yorum medium-4 small-12 large-4\"  >\n\t\t\t\t<div class=\"col-inner box-shadow-2\"  >\n\t\t\t\n\t\t\t\n\t<div id=\"text-297019969\" class=\"text\">\n\t\t\n<p><span style=\"font-size: 130%;\"><strong>Sibel As\u0131r<\/strong><\/span><\/p>\n<p>Vor acht Monaten hatte ich eine Revision-Nasenkorrektur bei Dr. Alev. Sein Selbstbewusstsein, seine detaillierten Erkl\u00e4rungen zur Operation und seine Professionalit\u00e4t haben all meine Bedenken ausger\u00e4umt und mir Sicherheit gegeben. Er erkl\u00e4rte jedes Detail vor und nach der Operation&#8230;<\/p>\n<p><\/ux_text><\/p>\n\t\t\n<style>\n#text-297019969 {\n  color: rgb(0,0,0);\n}\n#text-297019969 > * {\n  color: rgb(0,0,0);\n}\n<\/style>\n\t<\/div>\n\t\n\t\t<\/div>\n\t\t\t\t\n<style>\n#col-1863464278 > .col-inner {\n  padding: 20px 20px 10px 20px;\n}\n<\/style>\n\t<\/div>\n\n\t\n\n\t<div id=\"col-2002984343\" class=\"col anasayfa-yorum medium-4 small-12 large-4\"  >\n\t\t\t\t<div class=\"col-inner box-shadow-2\"  >\n\t\t\t\n\t\t\t\n\t<div id=\"text-1297498913\" class=\"text\">\n\t\t\n<p><span style=\"font-size: 130%;\"><strong>Ajda Aktunal\u0131<\/strong><\/span><\/p>\n<p>Jahrelang z\u00f6gerte ich, eine Nasenkorrektur durchf\u00fchren zu lassen, aufgrund vieler Zweifel in meinem Kopf. Aber die Begegnung mit Dr. Alev hat alles positiv ver\u00e4ndert. Meine beiden Priorit\u00e4ten waren eine nat\u00fcrliche Nase, die zu meinem Gesicht passt, und gutes Atmen&#8230;<\/p>\n<p><\/ux_text><\/p>\n\t\t\n<style>\n#text-1297498913 {\n  color: rgb(0,0,0);\n}\n#text-1297498913 > * {\n  color: rgb(0,0,0);\n}\n<\/style>\n\t<\/div>\n\t\n\t\t<\/div>\n\t\t\t\t\n<style>\n#col-2002984343 > .col-inner {\n  padding: 20px 20px 10px 20px;\n}\n<\/style>\n\t<\/div>\n\n\t\n\n\t<div id=\"col-777219499\" class=\"col anasayfa-yorum medium-4 small-12 large-4\"  >\n\t\t\t\t<div class=\"col-inner box-shadow-2\"  >\n\t\t\t\n\t\t\t\n\t<div id=\"text-2259437869\" class=\"text\">\n\t\t\n<p><span style=\"font-size: 130%;\"><strong>Sou<\/strong><\/span><\/p>\n<p>Was mich an Dr. Alev am meisten beeindruckte, war seine F\u00e4higkeit, Ihre Bed\u00fcrfnisse zu verstehen und pr\u00e4zise Ergebnisse mit gro\u00dfer Sorgfalt zu liefern. Die Operation war schmerzfrei, mit minimalen Bluterg\u00fcssen. Sein Team war ebenfalls sehr aufmerksam und sensibel&#8230;<\/p>\n<p><\/ux_text><\/p>\n\t\t\n<style>\n#text-2259437869 {\n  color: rgb(0,0,0);\n}\n#text-2259437869 > * {\n  color: rgb(0,0,0);\n}\n<\/style>\n\t<\/div>\n\t\n\t\t<\/div>\n\t\t\t\t\n<style>\n#col-777219499 > .col-inner {\n  padding: 20px 20px 10px 20px;\n}\n<\/style>\n\t<\/div>\n\n\t\n\n\t<div id=\"col-844583924\" class=\"col anasayfa-yorum medium-4 small-12 large-4\"  >\n\t\t\t\t<div class=\"col-inner box-shadow-2\"  >\n\t\t\t\n\t\t\t\n\t<div id=\"text-3836661522\" class=\"text\">\n\t\t\n<p><span style=\"font-size: 130%;\"><strong>Gizem Alt\u0131nta\u015f<\/strong><\/span><\/p>\n<p>Ich wurde vor sechs Monaten von ihm operiert und bin mit dem Ergebnis sehr zufrieden. Meine Nase sieht sehr nat\u00fcrlich und sch\u00f6n aus. Die Arbeit von Dr. Alev ist au\u00dfergew\u00f6hnlich \ud83e\uddff. Ich danke ihm und seinem Team aufrichtig. Schon vor der Operation erkl\u00e4rte er alles so gut&#8230;<\/p>\n<p><\/ux_text><\/p>\n\t\t\n<style>\n#text-3836661522 {\n  color: rgb(0,0,0);\n}\n#text-3836661522 > * {\n  color: rgb(0,0,0);\n}\n<\/style>\n\t<\/div>\n\t\n\t\t<\/div>\n\t\t\t\t\n<style>\n#col-844583924 > .col-inner {\n  padding: 20px 20px 10px 20px;\n}\n<\/style>\n\t<\/div>\n\n\t\n<\/div>\n\t\t<\/div>\n\n\t\t\n<style>\n#section_481373789 {\n  padding-top: 30px;\n  padding-bottom: 30px;\n}\n<\/style>\n\t<\/section>\n\t\n","protected":false},"excerpt":{"rendered":"","protected":false},"author":990002,"featured_media":0,"parent":1426,"menu_order":0,"comment_status":"closed","ping_status":"closed","template":"page-blank.php","meta":{"footnotes":""},"class_list":["post-7277","page","type-page","status-publish","hentry"],"_links":{"self":[{"href":"https:\/\/www.alevcamcioglu.com\/de\/wp-json\/wp\/v2\/pages\/7277","targetHints":{"allow":["GET"]}}],"collection":[{"href":"https:\/\/www.alevcamcioglu.com\/de\/wp-json\/wp\/v2\/pages"}],"about":[{"href":"https:\/\/www.alevcamcioglu.com\/de\/wp-json\/wp\/v2\/types\/page"}],"author":[{"embeddable":true,"href":"https:\/\/www.alevcamcioglu.com\/de\/wp-json\/wp\/v2\/users\/990002"}],"replies":[{"embeddable":true,"href":"https:\/\/www.alevcamcioglu.com\/de\/wp-json\/wp\/v2\/comments?post=7277"}],"version-history":[{"count":2,"href":"https:\/\/www.alevcamcioglu.com\/de\/wp-json\/wp\/v2\/pages\/7277\/revisions"}],"predecessor-version":[{"id":7279,"href":"https:\/\/www.alevcamcioglu.com\/de\/wp-json\/wp\/v2\/pages\/7277\/revisions\/7279"}],"up":[{"embeddable":true,"href":"https:\/\/www.alevcamcioglu.com\/de\/wp-json\/wp\/v2\/pages\/1426"}],"wp:attachment":[{"href":"https:\/\/www.alevcamcioglu.com\/de\/wp-json\/wp\/v2\/media?parent=7277"}],"curies":[{"name":"wp","href":"https:\/\/api.w.org\/{rel}","templated":true}]}}