{"id":1426,"date":"2018-02-01T11:01:08","date_gmt":"2018-02-01T08:01:08","guid":{"rendered":"https:\/\/great-greider.212-227-6-40.plesk.page\/hakkinda\/"},"modified":"2025-11-10T11:58:39","modified_gmt":"2025-11-10T08:58:39","slug":"ueber","status":"publish","type":"page","link":"https:\/\/www.alevcamcioglu.com\/de\/ueber\/","title":{"rendered":"\u00dcber"},"content":{"rendered":"<div class=\"container section-title-container\" ><h1 class=\"section-title section-title-normal\"><b aria-hidden=\"true\"><\/b><span class=\"section-title-main\" >Wer ist Op. Dr. Alev Camc\u0131o\u011flu?<\/span><b aria-hidden=\"true\"><\/b><\/h1><\/div>\n<div class=\"row\"  id=\"row-6365312\">\n\n\t<div id=\"col-1510451190\" class=\"col medium-6 small-12 large-6\"  >\n\t\t\t\t<div class=\"col-inner\"  >\n\t\t\t\n\t\t\t\n\t<div class=\"img has-hover x md-x lg-x y md-y lg-y\" id=\"image_1214585380\">\n\t\t\t\t\t\t\t\t<div class=\"img-inner dark\" >\n\t\t\t<img decoding=\"async\" width=\"600\" height=\"400\" src=\"https:\/\/www.alevcamcioglu.com\/wp-content\/uploads\/2024\/02\/DSC00567-600x400-1.jpg\" class=\"attachment-large size-large\" alt=\"\" srcset=\"https:\/\/www.alevcamcioglu.com\/wp-content\/uploads\/2024\/02\/DSC00567-600x400-1.jpg 600w, https:\/\/www.alevcamcioglu.com\/wp-content\/uploads\/2024\/02\/DSC00567-600x400-1-300x200.jpg 300w, https:\/\/www.alevcamcioglu.com\/wp-content\/uploads\/2024\/02\/DSC00567-600x400-1-370x247.jpg 370w\" sizes=\"(max-width: 600px) 100vw, 600px\" title=\"\">\t\t\t\t\t\t\n\t\t\t\t\t<\/div>\n\t\t\t\t\t\t\t\t\n<style>\n#image_1214585380 {\n  width: 100%;\n}\n<\/style>\n\t<\/div>\n\t\n\t\t<\/div>\n\t\t\t\t\t<\/div>\n\n\t\n\n\t<div id=\"col-314303188\" class=\"col medium-6 small-12 large-6\"  >\n\t\t\t\t<div class=\"col-inner\"  >\n\t\t\t\n\t\t\t\n<p><span style=\"font-weight: 400;\">Geboren 1975 in K\u0131rcaali, <\/span><b>Op. Dr. Alev Camc\u0131o\u011flu<\/b><span style=\"font-weight: 400;\"> absolvierte seine schulische Ausbildung am <\/span><b>franz\u00f6sischen Gymnasium Saint Michel<\/b><span style=\"font-weight: 400;\">. Im Jahr 2001 schloss er die <\/span><b>Medizinische Fakult\u00e4t der Universit\u00e4t Kocaeli<\/b><span style=\"font-weight: 400;\"> mit dem Titel \u201eArzt\u201c ab. <\/span><b>2008 beendete er erfolgreich seine Facharztausbildung in Hals-Nasen-Ohrenheilkunde und Kopf-Hals-Chirurgie<\/b><span style=\"font-weight: 400;\"> an derselben Universit\u00e4t.<\/span><\/p>\n<p><span style=\"font-weight: 400;\">Nach der Facharztausbildung leistete er seinen Pflichtdienst in <\/span><b>Hakkari, Kocaeli und Mu\u015f\u2013Varto<\/b><span style=\"font-weight: 400;\"> und seinen Wehrdienst am <\/span><b>Sonder\u00e4rztlichen Dispensarium des Generalstabs<\/b><span style=\"font-weight: 400;\">. Anschlie\u00dfend erweiterte er seine klinische Erfahrung im <\/span><b>\u0130stanbul Hospital<\/b><span style=\"font-weight: 400;\"> sowie in den <\/span><b>Ni\u015fanta\u015f\u0131-Kliniken<\/b><span style=\"font-weight: 400;\">.<\/span><\/p>\n<p><span style=\"font-weight: 400;\">Seit 2016 behandelt er Patientinnen und Patienten in <\/span><b>seiner Privatpraxis in Istanbul<\/b><span style=\"font-weight: 400;\"> mit Schwerpunkt auf \u00e4sthetischer und funktioneller Nasenchirurgie.<\/span><\/p>\n\t\t<\/div>\n\t\t\t\t\n<style>\n#col-314303188 > .col-inner {\n  margin: 0px 0px -30px 0px;\n}\n<\/style>\n\t<\/div>\n\n\t\n\n\t<div id=\"col-873386725\" class=\"col small-12 large-12\"  >\n\t\t\t\t<div class=\"col-inner\"  >\n\t\t\t\n\t\t\t\n<h2><b>Schwerpunkte und h\u00e4ufige Eingriffe<\/b><\/h2>\n<p><span style=\"font-weight: 400;\">Op. Dr. Alev Camc\u0131o\u011flu ist bekannt f\u00fcr die <\/span><b>Rhinoplastik<\/b><span style=\"font-weight: 400;\">, bei der er durch eine individuelle Operationsplanung nat\u00fcrliches Aussehen, funktionelles Gleichgewicht und Gesichts\u00e4sthetik vereint. Der Erhalt der Nasenfunktion hat f\u00fcr ihn neben der \u00c4sthetik h\u00f6chste Priorit\u00e4t.<\/span><\/p>\n<p><b>H\u00e4ufig durchgef\u00fchrte Eingriffe:<\/b><\/p>\n<ul>\n<li>Offene Rhinoplastik<\/li>\n<li>Revisions-Rhinoplastik<\/li>\n<li>Alar-Reduktion (Verschm\u00e4lerung der Nasenfl\u00fcgel\/Basis)<\/li>\n<li>Tip-Plasty (Korrektur der Nasenspitze)<\/li>\n<li>Nat\u00fcrlich wirkende Rhinoplastik<\/li>\n<li>Funktionelle Rhinoplastik<\/li>\n<li>M\u00e4nnliche Rhinoplastik<\/li>\n<li>Rhinoplastik bei breiter Nase<\/li>\n<li>Rhinoplastik bei dicker Haut<\/li>\n<li>Operation bei Nasenfraktur<\/li>\n<li>Septorhinoplastik<\/li>\n<li>Ethnische Rhinoplastik<\/li>\n<li>Rhinoplastik bei H\u00f6ckernase<\/li>\n<li>Septoplastik<\/li>\n<li>\u201eHokka\u201c, \u201eF\u0131nd\u0131k\u201c und \u201eBarbie Nose\u201c-\u00c4sthetik<\/li>\n<li>Anhebung der Nasenspitze<\/li>\n<li>Operation bei Septumdeviation<\/li>\n<li>Piezo (ultraschallgest\u00fctzte) Rhinoplastik<\/li>\n<li>Korrektur der gekr\u00fcmmten Nase und Feinschliff<\/li>\n<\/ul>\n<h2><b>Erfahrung und Ansatz<\/b><\/h2>\n<p>Er analysiert die Gesichtsstruktur, die Hautdicke und die Atemfunktion jedes Patienten im Detail, um einen <b>individuellen Rhinoplastik-Plan<\/b> zu erstellen. W\u00e4hrend des gesamten Prozesses legt er Wert auf den Erhalt der nat\u00fcrlichen Atmung ebenso wie auf die \u00c4sthetik.<\/p>\n<p>Er bevorzugt moderne Verfahren wie die <b>Piezo-Ultraschalltechnologie<\/b>, um mit minimalem Gewebetrauma eine schnelle Heilung und nat\u00fcrliche Ergebnisse zu erzielen. Sein evidenzbasierter, ethischer und patientenzentrierter Ansatz macht ihn zu einem vertrauensw\u00fcrdigen Arzt.<\/p>\n<h2><b>Mitgliedschaften und akademische Beitr\u00e4ge<\/b><\/h2>\n<ul>\n<li>T\u00fcrkische Gesellschaft f\u00fcr HNO-Heilkunde und Kopf-Hals-Chirurgie<\/li>\n<li>T\u00fcrkische Rhinologie-Gesellschaft<\/li>\n<li>European Rhinologic Society (ERS)<\/li>\n<\/ul&#093;\n\n\n<\/p>\n\t\t<\/div>\n\t\t\t\t\t<\/div>\n\n\t\n<\/div>\n<div><iframe src=\"https:\/\/www.google.com\/maps\/embed?pb=!1m14!1m8!1m3!1d6017.313393365514!2d28.998844!3d41.054636!3m2!1i1024!2i768!4f13.1!3m3!1m2!1s0x14cabb5b6d477697%3A0x8db615b1347f86bf!2sOp.%20Dr.%20Alev%20Camc%C4%B1o%C4%9Flu%20%7C%20Burun%20Esteti%C4%9Fi%20%2C%20Rinoplasti!5e0!3m2!1sen!2sus!4v1728645212774!5m2!1sen!2sus\" width=\"100%\" height=\"200\" style=\"border:0;\" allowfullscreen=\"\" loading=\"lazy\" referrerpolicy=\"no-referrer-when-downgrade\"><\/iframe><\/div>\n","protected":false},"excerpt":{"rendered":"","protected":false},"author":1,"featured_media":0,"parent":0,"menu_order":0,"comment_status":"closed","ping_status":"closed","template":"page-blank.php","meta":{"footnotes":""},"class_list":["post-1426","page","type-page","status-publish","hentry"],"_links":{"self":[{"href":"https:\/\/www.alevcamcioglu.com\/de\/wp-json\/wp\/v2\/pages\/1426","targetHints":{"allow":["GET"]}}],"collection":[{"href":"https:\/\/www.alevcamcioglu.com\/de\/wp-json\/wp\/v2\/pages"}],"about":[{"href":"https:\/\/www.alevcamcioglu.com\/de\/wp-json\/wp\/v2\/types\/page"}],"author":[{"embeddable":true,"href":"https:\/\/www.alevcamcioglu.com\/de\/wp-json\/wp\/v2\/users\/1"}],"replies":[{"embeddable":true,"href":"https:\/\/www.alevcamcioglu.com\/de\/wp-json\/wp\/v2\/comments?post=1426"}],"version-history":[{"count":2,"href":"https:\/\/www.alevcamcioglu.com\/de\/wp-json\/wp\/v2\/pages\/1426\/revisions"}],"predecessor-version":[{"id":11398,"href":"https:\/\/www.alevcamcioglu.com\/de\/wp-json\/wp\/v2\/pages\/1426\/revisions\/11398"}],"wp:attachment":[{"href":"https:\/\/www.alevcamcioglu.com\/de\/wp-json\/wp\/v2\/media?parent=1426"}],"curies":[{"name":"wp","href":"https:\/\/api.w.org\/{rel}","templated":true}]}}