{"id":1420,"date":"2018-01-30T16:26:43","date_gmt":"2018-01-30T13:26:43","guid":{"rendered":"https:\/\/great-greider.212-227-6-40.plesk.page\/iletisim\/"},"modified":"2026-04-01T09:55:51","modified_gmt":"2026-04-01T06:55:51","slug":"kontakt","status":"publish","type":"page","link":"https:\/\/www.alevcamcioglu.com\/de\/kontakt\/","title":{"rendered":"Kontakt"},"content":{"rendered":"\n\t<section class=\"section\" id=\"section_507231631\">\n\t\t<div class=\"section-bg fill\" >\n\t\t\t\t\t\t\t\t\t\n\t\t\t\n\n\t\t<\/div>\n\n\t\t\n\n\t\t<div class=\"section-content relative\">\n\t\t\t\n  <div id=\"page-header-1932233511\" class=\"page-header-wrapper\">\n  <div class=\"page-title dark featured-title\">\n\n    \n    <div class=\"page-title-inner container align-center flex-row medium-flex-wrap\" >\n              <div class=\"title-wrapper flex-col text-left medium-text-center\">\n          <h1 class=\"entry-title mb-0\">\n            Kontakt          <\/h1>\n        <\/div>\n                    <div class=\"title-content flex-col flex-right text-right medium-text-center\">\n        <div class=\"title-breadcrumbs pb-half pt-half\"><\/div>      <\/div>\n    <\/div>\n\n       <\/div>\n    <\/div>\n  \n\t\t<\/div>\n\n\t\t\n<style>\n#section_507231631 {\n  padding-top: 0px;\n  padding-bottom: 0px;\n}\n<\/style>\n\t<\/section>\n\t\n\n\t<section class=\"section\" id=\"section_965759828\">\n\t\t<div class=\"section-bg fill\" >\n\t\t\t\t\t\t\t\t\t\n\t\t\t\n\n\t\t<\/div>\n\n\t\t\n\n\t\t<div class=\"section-content relative\">\n\t\t\t\n<div class=\"row align-middle\"  id=\"row-1512045543\">\n\n\t<div id=\"col-1699315594\" class=\"col medium-6 small-12 large-6\"  >\n\t\t\t\t<div class=\"col-inner\"  >\n\t\t\t\n\t\t\t\n<h2>Kontaktieren Sie uns!<\/h2>\n\t<div id=\"gap-899265723\" class=\"gap-element clearfix\" style=\"display:block; height:auto;\">\n\t\t\n<style>\n#gap-899265723 {\n  padding-top: 30px;\n}\n<\/style>\n\t<\/div>\n\t\n<p><strong>Telefon: <\/strong><a href=\"tel:+90 535 206 10 95\">+90 535 206 10 95<\/a><\/p>\n<p><strong>E-Mail:\u00a0<\/strong><a href=\"mailto:drcamcioglu@gmail.com\">drcamcioglu@gmail.com<\/a><\/p>\n<p><strong>Adresse:\u00a0<\/strong><a href=\"https:\/\/www.google.com\/maps\/place\/Rhinoplasty+Surgeon+in+Istanbul+%7C+Op.+Dr.+Alev+Camc%C4%B1o%C4%9Flu+%7C+Tipplasty,+Male+Rhinoplasty,+Revision+Rhinoplasty\/@41.0546357,28.996269,17z\/data=!3m1!4b1!4m6!3m5!1s0x14cabb5b6d477697:0x8db615b1347f86bf!8m2!3d41.0546357!4d28.9988439!16s%2Fg%2F11t80d_khh!5m1!1e1?entry=ttu&amp;g_ep=EgoyMDI2MDMyOS4wIKXMDSoASAFQAw%3D%3D\" target=\"_blank\" rel=\"noopener\">Terrace Center1, Fulya, Hakk\u0131 Yeten Cd. Kat :13 Daire :71, 34000 \u015ei\u015fli\/\u0130stanbul<\/a><\/p>\n\t<div id=\"gap-316015423\" class=\"gap-element clearfix\" style=\"display:block; height:auto;\">\n\t\t\n<style>\n#gap-316015423 {\n  padding-top: 30px;\n}\n<\/style>\n\t<\/div>\n\t\n<div class=\"social-icons follow-icons takip-ikonlar\u0131\" ><a href=\"https:\/\/www.facebook.com\/dralevcamcioglu\" target=\"_blank\" data-label=\"Facebook\" class=\"icon button circle is-outline tooltip facebook\" title=\"Auf Facebook folgen\" aria-label=\"Auf Facebook folgen\" rel=\"noopener nofollow\"><i class=\"icon-facebook\" aria-hidden=\"true\"><\/i><\/a><a href=\"https:\/\/www.instagram.com\/dralevcamcioglu\/\" target=\"_blank\" data-label=\"Instagram\" class=\"icon button circle is-outline tooltip instagram\" title=\"Auf Instagram folgen\" aria-label=\"Auf Instagram folgen\" rel=\"noopener nofollow\"><i class=\"icon-instagram\" aria-hidden=\"true\"><\/i><\/a><a href=\"https:\/\/www.tiktok.com\/@dr.alev.camcioglu\" target=\"_blank\" data-label=\"TikTok\" class=\"icon button circle is-outline tooltip tiktok\" title=\"Auf Tiktok folgen\" aria-label=\"Auf Tiktok folgen\" rel=\"noopener nofollow\"><i class=\"icon-tiktok\" aria-hidden=\"true\"><\/i><\/a><a href=\"https:\/\/x.com\/alevcamcioglu\" data-label=\"X\" target=\"_blank\" class=\"icon button circle is-outline tooltip x\" title=\"Auf X folgen\" aria-label=\"Auf X folgen\" rel=\"noopener nofollow\"><i class=\"icon-x\" aria-hidden=\"true\"><\/i><\/a><a href=\"mailto:drcamcioglu@gmail.com\" data-label=\"E-mail\" target=\"_blank\" class=\"icon button circle is-outline tooltip email\" title=\"Sende uns eine E-Mail\" aria-label=\"Sende uns eine E-Mail\" rel=\"nofollow noopener\"><i class=\"icon-envelop\" aria-hidden=\"true\"><\/i><\/a><a href=\"tel:+90 535 206 10 95\" data-label=\"Phone\" target=\"_blank\" class=\"icon button circle is-outline tooltip phone\" title=\"Rufe uns an\" aria-label=\"Rufe uns an\" rel=\"nofollow noopener\"><i class=\"icon-phone\" aria-hidden=\"true\"><\/i><\/a><a href=\"https:\/\/tr.pinterest.com\/alevcamcioglu\/\" data-label=\"Pinterest\" target=\"_blank\" class=\"icon button circle is-outline tooltip pinterest\" title=\"Auf Pinterest folgen\" aria-label=\"Auf Pinterest folgen\" rel=\"noopener nofollow\"><i class=\"icon-pinterest\" aria-hidden=\"true\"><\/i><\/a><a href=\"https:\/\/www.linkedin.com\/in\/alev-camcolu-6833164a\/\" data-label=\"LinkedIn\" target=\"_blank\" class=\"icon button circle is-outline tooltip linkedin\" title=\"Auf Linkedin folgen\" aria-label=\"Auf Linkedin folgen\" rel=\"noopener nofollow\"><i class=\"icon-linkedin\" aria-hidden=\"true\"><\/i><\/a><a href=\"https:\/\/www.youtube.com\/@Op.Dr.Alev.Camcioglu\" data-label=\"YouTube\" target=\"_blank\" class=\"icon button circle is-outline tooltip youtube\" title=\"Auf YouTube folgen\" aria-label=\"Auf YouTube folgen\" rel=\"noopener nofollow\"><i class=\"icon-youtube\" aria-hidden=\"true\"><\/i><\/a><\/div>\n\t\t<\/div>\n\t\t\t\t\t<\/div>\n\n\t\n\n\t<div id=\"col-1695157759\" class=\"col medium-6 small-12 large-6\"  >\n\t\t\t\t<div class=\"col-inner\" style=\"background-color:#2b0062;\" >\n\t\t\t\n\t\t\t\n\n<div class=\"wpcf7 no-js\" id=\"wpcf7-f4758-o1\" lang=\"de-DE\" dir=\"ltr\" data-wpcf7-id=\"4758\">\n<div class=\"screen-reader-response\"><p role=\"status\" aria-live=\"polite\" aria-atomic=\"true\"><\/p> <ul><\/ul><\/div>\n<form action=\"\/de\/wp-json\/wp\/v2\/pages\/1420#wpcf7-f4758-o1\" method=\"post\" class=\"wpcf7-form init\" aria-label=\"Kontaktformular\" novalidate=\"novalidate\" data-status=\"init\">\n<fieldset class=\"hidden-fields-container\"><input type=\"hidden\" name=\"_wpcf7\" value=\"4758\" \/><input type=\"hidden\" name=\"_wpcf7_version\" value=\"6.1.5\" \/><input type=\"hidden\" name=\"_wpcf7_locale\" value=\"de_DE\" \/><input type=\"hidden\" name=\"_wpcf7_unit_tag\" value=\"wpcf7-f4758-o1\" \/><input type=\"hidden\" name=\"_wpcf7_container_post\" value=\"0\" \/><input type=\"hidden\" name=\"_wpcf7_posted_data_hash\" value=\"\" \/>\n<\/fieldset>\n<p><label> Ihr Vor- und Nachname<br \/>\n<span class=\"wpcf7-form-control-wrap\" data-name=\"your-name\"><input size=\"40\" maxlength=\"400\" class=\"wpcf7-form-control wpcf7-text wpcf7-validates-as-required\" autocomplete=\"name\" aria-required=\"true\" aria-invalid=\"false\" value=\"\" type=\"text\" name=\"your-name\" \/><\/span> <\/label>\n<\/p>\n<p><label> Ihre E-Mail-Adresse<br \/>\n<span class=\"wpcf7-form-control-wrap\" data-name=\"your-email\"><input size=\"40\" maxlength=\"400\" class=\"wpcf7-form-control wpcf7-email wpcf7-validates-as-required wpcf7-text wpcf7-validates-as-email\" autocomplete=\"email\" aria-required=\"true\" aria-invalid=\"false\" value=\"\" type=\"email\" name=\"your-email\" \/><\/span> <\/label>\n<\/p>\n<p><label> Telefon<br \/>\n<span class=\"wpcf7-form-control-wrap\" data-name=\"tel-469\"><input size=\"40\" maxlength=\"400\" class=\"wpcf7-form-control wpcf7-tel wpcf7-validates-as-required wpcf7-text wpcf7-validates-as-tel\" autocomplete=\"tel\" aria-required=\"true\" aria-invalid=\"false\" value=\"\" type=\"tel\" name=\"tel-469\" \/><\/span> <\/label>\n<\/p>\n<p><label> Betreff<br \/>\n<span class=\"wpcf7-form-control-wrap\" data-name=\"your-subject\"><input size=\"40\" maxlength=\"400\" class=\"wpcf7-form-control wpcf7-text wpcf7-validates-as-required\" aria-required=\"true\" aria-invalid=\"false\" value=\"\" type=\"text\" name=\"your-subject\" \/><\/span> <\/label>\n<\/p>\n<p><label> Ihre Nachricht (optional)<br \/>\n<span class=\"wpcf7-form-control-wrap\" data-name=\"your-message\"><textarea cols=\"40\" rows=\"10\" maxlength=\"2000\" class=\"wpcf7-form-control wpcf7-textarea\" aria-invalid=\"false\" name=\"your-message\"><\/textarea><\/span> <\/label>\n<\/p>\n<p><input class=\"wpcf7-form-control wpcf7-submit has-spinner\" type=\"submit\" value=\"Senden\" \/>\n<\/p><p style=\"display: none !important;\" class=\"akismet-fields-container\" data-prefix=\"_wpcf7_ak_\"><label>&#916;<textarea name=\"_wpcf7_ak_hp_textarea\" cols=\"45\" rows=\"8\" maxlength=\"100\"><\/textarea><\/label><input type=\"hidden\" id=\"ak_js_1\" name=\"_wpcf7_ak_js\" value=\"120\"\/><script type=\"text\/javascript\">\n\/* <![CDATA[ *\/\ndocument.getElementById( \"ak_js_1\" ).setAttribute( \"value\", ( new Date() ).getTime() );\n\/* ]]> *\/\n<\/script>\n<\/p><div class=\"wpcf7-response-output\" aria-hidden=\"true\"><\/div>\n<\/form>\n<\/div>\n\n\t\t<\/div>\n\t\t\t\t\n<style>\n#col-1695157759 > .col-inner {\n  padding: 20px 20px 20px 20px;\n  border-radius: 20px;\n}\n<\/style>\n\t<\/div>\n\n\t\n<\/div>\n\t\t<\/div>\n\n\t\t\n<style>\n#section_965759828 {\n  padding-top: 30px;\n  padding-bottom: 30px;\n}\n<\/style>\n\t<\/section>\n\t\n","protected":false},"excerpt":{"rendered":"","protected":false},"author":1,"featured_media":0,"parent":0,"menu_order":0,"comment_status":"closed","ping_status":"closed","template":"page-blank.php","meta":{"footnotes":""},"class_list":["post-1420","page","type-page","status-publish","hentry"],"_links":{"self":[{"href":"https:\/\/www.alevcamcioglu.com\/de\/wp-json\/wp\/v2\/pages\/1420","targetHints":{"allow":["GET"]}}],"collection":[{"href":"https:\/\/www.alevcamcioglu.com\/de\/wp-json\/wp\/v2\/pages"}],"about":[{"href":"https:\/\/www.alevcamcioglu.com\/de\/wp-json\/wp\/v2\/types\/page"}],"author":[{"embeddable":true,"href":"https:\/\/www.alevcamcioglu.com\/de\/wp-json\/wp\/v2\/users\/1"}],"replies":[{"embeddable":true,"href":"https:\/\/www.alevcamcioglu.com\/de\/wp-json\/wp\/v2\/comments?post=1420"}],"version-history":[{"count":2,"href":"https:\/\/www.alevcamcioglu.com\/de\/wp-json\/wp\/v2\/pages\/1420\/revisions"}],"predecessor-version":[{"id":11713,"href":"https:\/\/www.alevcamcioglu.com\/de\/wp-json\/wp\/v2\/pages\/1420\/revisions\/11713"}],"wp:attachment":[{"href":"https:\/\/www.alevcamcioglu.com\/de\/wp-json\/wp\/v2\/media?parent=1420"}],"curies":[{"name":"wp","href":"https:\/\/api.w.org\/{rel}","templated":true}]}}